{"id":15828,"date":"2020-03-09T11:04:18","date_gmt":"2020-03-09T10:04:18","guid":{"rendered":"https:\/\/www.hotelzurpost-riesenbeck.de\/?page_id=15828"},"modified":"2024-12-05T10:27:38","modified_gmt":"2024-12-05T09:27:38","slug":"about-us","status":"publish","type":"page","link":"https:\/\/www.hotelzurpost-riesenbeck.de\/en\/about-us\/","title":{"rendered":"About us"},"content":{"rendered":"<section class=\"wpb-content-wrapper\"><p>[vc_row full_width=&#8221;stretch_row_content_no_spaces&#8221; css=&#8221;.vc_custom_1626528001845{padding-top: 150px !important;padding-bottom: 150px !important;background-image: url(https:\/\/www.hotelzurpost-riesenbeck.de\/wp-content\/uploads\/Hotel_Post_Riesenbck32_Hotel_Aussen.jpg?id=15975) !important;background-position: center !important;background-repeat: no-repeat !important;background-size: cover !important;}&#8221;][vc_column]<div  class=\"main-heading\"><span class=\"subtitle\" style=\"font-size:14px;color:rgba(255,255,255,0.79);\"><\/span><h2 class=\"title\" style=\"font-size:40px;color:#ffffff;\"><\/h2><\/div>[\/vc_column][\/vc_row][vc_row][vc_column width=&#8221;1\/6&#8243;][\/vc_column][vc_column width=&#8221;2\/3&#8243;]<div  class=\"empty-space  marg-lg-b100 marg-xs-b50\"><\/div><div class=\"text-block \" ><div class=\"simple-text \"><h1 class=\"p1\" style=\"text-align: center;\">A special place<\/h1>\n<p style=\"text-align: center;\">We wanted to create something exceptional with the Hotel Zur Post. A place of inspiration and pleasure alike. That\u2019s why we build a bridge between a traditional Westphalian Restaurant and a modern boutique hotel. Art plays an important role for us. Because, according to Picasso, art washes away from the soul the dust of everyday life. We maintain hospitality and cuisine at a high level without losing our down-to-earth attitude. Your well-being is most important. That&#8217;s what we stand for, that&#8217;s what the Hotel Zur Post stands for. Thus we created a special place, that is worth visiting.<\/p>\n<\/div><\/div>[\/vc_column][vc_column width=&#8221;1\/6&#8243;][\/vc_column][\/vc_row][vc_row][vc_column]<div  class=\"empty-space  marg-lg-b50 marg-xs-b50\"><\/div>[vc_separator]<div class=\"text-block \" ><div class=\"simple-text \"><h2>Features<\/h2>\n<p>The Hotel Zur Post offers rooms which amaze and make feel good. These include our individual hotel rooms, which are dedicated to the most important painters of the 19th and 20th centuries. In our restaurants you can discover the atmosphere of a Westphalian pub or get inspiration in a modern bistro. In summer you have the choice between our street caf\u00e9 in front of the historic building side or the beer garden in the courtyard. For your physical well-being, the Hotel Zur Post offers a small but nice wellness area with modern fitness equipment and a sauna facilitiy. The hall area is available for events of all kinds with up to 200 guests.<\/p>\n<\/div><\/div><div  class=\"empty-space  marg-lg-b50 marg-xs-b50\"><\/div>[\/vc_column][\/vc_row][vc_row][vc_column]<div  class=\"empty-space  marg-lg-b25 marg-xs-b50\"><\/div>[vc_basic_grid post_type=&#8221;page&#8221; max_items=&#8221;10&#8243; element_width=&#8221;3&#8243; orderby=&#8221;menu_order&#8221; order=&#8221;ASC&#8221; initial_loading_animation=&#8221;none&#8221; grid_id=&#8221;vc_gid:1733390840163-707a0afb-5b79-3&#8243; exclude=&#8221;1132, 3, 15251, 616&#8243;]<div  class=\"empty-space  marg-lg-b25 marg-xs-b50\"><\/div>[vc_separator][\/vc_column][\/vc_row][vc_row][vc_column]<div class=\"text-block \" ><div class=\"simple-text \"><h2>History<\/h2>\n<p>The foundation stone for the building was laid in 1752. The name Hotel Zur Post goes back to that time. The Prussian Post already used the building as a station for horse-drawn stagecoaches. A post horn from this period 1758 can be viewed in our lobby. Until the 1980s, a branch of the German Federal Post Office was located in one wing of our building. Long-term owners Anna and Bernhard Kerkhoff, who made the hotel a focal point in Riesenbeck from 1933 to 1976, shaped the expansion of the hotel. A comprehensive renovation took place in 1980. After a fundamental expansion of the building, the Hotel Zur Post was opened in 2019 with an upgraded standard as a 4-star hotel. It is now run as an exclusive boutique hotel dedicated to the subject of art and letters.<\/p>\n<\/div><\/div><div  class=\"empty-space  marg-lg-b100 marg-xs-b50\"><\/div>[\/vc_column][\/vc_row][vc_row full_width=&#8221;stretch_row_content_no_spaces&#8221;][vc_column]<div  class=\"hb-text-block__wrapper style1\"><div class=\"row\"><div class=\"col-md-6\"><div class=\"hb-image__block\"><img decoding=\"async\" src=\"https:\/\/www.hotelzurpost-riesenbeck.de\/wp-content\/uploads\/Dali_bild-1.jpg\" alt=\"\" \/><\/div><\/div><div class=\"col-md-6\"><div class=\"hb-text_block_content\"><div class=\"hb-text-block___inner_wrapper\"><div class=\"featured-rooms-slider__title title-color-black\">Letters and postcards<\/div><div class=\"featured-rooms-slider__text content-color-grey\"><\/p>\n<p class=\"p1\">The Hotel Zur Post lives up to its name. In the time of emails and WhatsApp, letters and postcards are in danger of disappearing. That is why we show the imperishable beauty of real mail in our rooms. Letters from people are presented, who have something to say. They are among the most famous personalities in history. The range is wide. It expands from Goethe to Elvis and from Lady Diana to Picasso. Probably a unique collection. Reading them and learning the story behind, is a special pleasure. It quickly becomes clear that letters are an important cultural asset, that must be preserved. You can discover 60 letters and postcards in the Hotel Zur Post, that are so fascinating, astonishing, funny, dazzling, strange or sad that you can hardly get rid of them.<\/p>\n<p><\/div><\/div><\/div><\/div><\/div><\/div><div  class=\"empty-space  marg-lg-b50\"><\/div>[\/vc_column][\/vc_row][vc_row][vc_column width=&#8221;1\/6&#8243;][\/vc_column][vc_column width=&#8221;2\/3&#8243;]<div  class=\"empty-space  marg-lg-b35 marg-xs-b50\"><\/div><div class=\"text-block \" ><div class=\"simple-text \"><h2 style=\"text-align: center;\">Location<\/h2>\n<p style=\"text-align: center;\">Riesenbeck is located on the southern slope of the Teutoburg Forest in the northern M\u00fcnsterland. The Dortmund-Ems Canal and the Mittelland Canal meet near the town, at the so-called \u201cWet Triangle\u201d. The Teutoburg Forest, north of Riesenbeck, offers a variety of hiking opportunities with the famous Hermannsweg. Riesenbeck is very well developed in terms of traffic. M\u00fcnster and Osnabr\u00fcck can be reached in about 35 minutes via the nearby A30 and A1 motorways. The journey time by car to the nearby M\u00fcnster \/ Osnabr\u00fcck airport is only 15 minutes. The hotel itself is centrally located in the center of the town. Parking spaces can be used free of charge directly at the hotel.<\/p>\n<\/div><\/div>[\/vc_column][vc_column width=&#8221;1\/6&#8243;][\/vc_column][\/vc_row][vc_row][vc_column]<div  class=\"empty-space  marg-lg-b35 marg-xs-b50\"><\/div>[vc_gmaps link=&#8221;#E-8_JTNDaWZyYW1lJTIwc3JjJTNEJTIyaHR0cHMlM0ElMkYlMkZ3d3cuZ29vZ2xlLmNvbSUyRm1hcHMlMkZlbWJlZCUzRnBiJTNEJTIxMW0xOCUyMTFtMTIlMjExbTMlMjExZDk3NjguODQ3NDQ4NTgyMjMlMjEyZDcuNjE5MjkyNzc2MzU0NDE1JTIxM2Q1Mi4yNTc2OTc3MDEzNjcyJTIxMm0zJTIxMWYwJTIxMmYwJTIxM2YwJTIxM20yJTIxMWkxMDI0JTIxMmk3NjglMjE0ZjEzLjElMjEzbTMlMjExbTIlMjExczB4NDdiOWNmYjc0Y2MxZjc5NSUyNTNBMHgzOTk1ZTc0YzFhYWYwZjMxJTIxMnNadXIlMjUyMFBvc3QlMjE1ZTAlMjEzbTIlMjExc2RlJTIxMnNkZSUyMTR2MTU3OTI3NTQ5NTcwNiUyMTVtMiUyMTFzZGUlMjEyc2RlJTIyJTIwZnJhbWVib3JkZXIlM0QlMjIwJTIyJTIwc3R5bGUlM0QlMjJoZWlnaHQlM0ElMjA0NTBweCUzQiUyMHdpZHRoJTNBJTIwMTAwJTI1JTNCJTIwYm9yZGVyJTNBMCUzQiUyMiUyMGFsbG93ZnVsbHNjcmVlbiUzRCUyMiUyMiUzRSUzQyUyRmlmcmFtZSUzRQ==&#8221; size=&#8221;450&#8243;]<div  class=\"empty-space  marg-lg-b50 marg-xs-b50\"><\/div>[\/vc_column][vc_column][\/vc_column][\/vc_row]<\/p><\/section>","protected":false},"excerpt":{"rendered":"<p>[vc_row full_width=&#8221;stretch_row_content_no_spaces&#8221; css=&#8221;.vc_custom_1626528001845{padding-top: 150px !important;padding-bottom: 150px !important;background-image: url(https:\/\/www.hotelzurpost-riesenbeck.de\/wp-content\/uploads\/Hotel_Post_Riesenbck32_Hotel_Aussen.jpg?id=15975) !important;background-position: center !important;background-repeat: no-repeat !important;background-size: cover !important;}&#8221;][vc_column][\/vc_column][\/vc_row][vc_row][vc_column width=&#8221;1\/6&#8243;][\/vc_column][vc_column width=&#8221;2\/3&#8243;][\/vc_column][vc_column width=&#8221;1\/6&#8243;][\/vc_column][\/vc_row][vc_row][vc_column][vc_separator][\/vc_column][\/vc_row][vc_row][vc_column][vc_basic_grid post_type=&#8221;page&#8221; max_items=&#8221;10&#8243; element_width=&#8221;3&#8243; orderby=&#8221;menu_order&#8221; order=&#8221;ASC&#8221; initial_loading_animation=&#8221;none&#8221; grid_id=&#8221;vc_gid:1733390840163-707a0afb-5b79-3&#8243; exclude=&#8221;1132, 3, 15251, 616&#8243;][vc_separator][\/vc_column][\/vc_row][vc_row][vc_column][\/vc_column][\/vc_row][vc_row full_width=&#8221;stretch_row_content_no_spaces&#8221;][vc_column][\/vc_column][\/vc_row][vc_row][vc_column width=&#8221;1\/6&#8243;][\/vc_column][vc_column width=&#8221;2\/3&#8243;][\/vc_column][vc_column width=&#8221;1\/6&#8243;][\/vc_column][\/vc_row][vc_row][vc_column][vc_gmaps link=&#8221;#E-8_JTNDaWZyYW1lJTIwc3JjJTNEJTIyaHR0cHMlM0ElMkYlMkZ3d3cuZ29vZ2xlLmNvbSUyRm1hcHMlMkZlbWJlZCUzRnBiJTNEJTIxMW0xOCUyMTFtMTIlMjExbTMlMjExZDk3NjguODQ3NDQ4NTgyMjMlMjEyZDcuNjE5MjkyNzc2MzU0NDE1JTIxM2Q1Mi4yNTc2OTc3MDEzNjcyJTIxMm0zJTIxMWYwJTIxMmYwJTIxM2YwJTIxM20yJTIxMWkxMDI0JTIxMmk3NjglMjE0ZjEzLjElMjEzbTMlMjExbTIlMjExczB4NDdiOWNmYjc0Y2MxZjc5NSUyNTNBMHgzOTk1ZTc0YzFhYWYwZjMxJTIxMnNadXIlMjUyMFBvc3QlMjE1ZTAlMjEzbTIlMjExc2RlJTIxMnNkZSUyMTR2MTU3OTI3NTQ5NTcwNiUyMTVtMiUyMTFzZGUlMjEyc2RlJTIyJTIwZnJhbWVib3JkZXIlM0QlMjIwJTIyJTIwc3R5bGUlM0QlMjJoZWlnaHQlM0ElMjA0NTBweCUzQiUyMHdpZHRoJTNBJTIwMTAwJTI1JTNCJTIwYm9yZGVyJTNBMCUzQiUyMiUyMGFsbG93ZnVsbHNjcmVlbiUzRCUyMiUyMiUzRSUzQyUyRmlmcmFtZSUzRQ==&#8221; size=&#8221;450&#8243;][\/vc_column][vc_column][\/vc_column][\/vc_row]<\/p>\n","protected":false},"author":2,"featured_media":15732,"parent":0,"menu_order":0,"comment_status":"closed","ping_status":"closed","template":"","meta":{"_acf_changed":false,"footnotes":""},"class_list":["post-15828","page","type-page","status-publish","has-post-thumbnail","hentry"],"acf":[],"_links":{"self":[{"href":"https:\/\/www.hotelzurpost-riesenbeck.de\/en\/wp-json\/wp\/v2\/pages\/15828","targetHints":{"allow":["GET"]}}],"collection":[{"href":"https:\/\/www.hotelzurpost-riesenbeck.de\/en\/wp-json\/wp\/v2\/pages"}],"about":[{"href":"https:\/\/www.hotelzurpost-riesenbeck.de\/en\/wp-json\/wp\/v2\/types\/page"}],"author":[{"embeddable":true,"href":"https:\/\/www.hotelzurpost-riesenbeck.de\/en\/wp-json\/wp\/v2\/users\/2"}],"replies":[{"embeddable":true,"href":"https:\/\/www.hotelzurpost-riesenbeck.de\/en\/wp-json\/wp\/v2\/comments?post=15828"}],"version-history":[{"count":8,"href":"https:\/\/www.hotelzurpost-riesenbeck.de\/en\/wp-json\/wp\/v2\/pages\/15828\/revisions"}],"predecessor-version":[{"id":18010,"href":"https:\/\/www.hotelzurpost-riesenbeck.de\/en\/wp-json\/wp\/v2\/pages\/15828\/revisions\/18010"}],"wp:featuredmedia":[{"embeddable":true,"href":"https:\/\/www.hotelzurpost-riesenbeck.de\/en\/wp-json\/wp\/v2\/media\/15732"}],"wp:attachment":[{"href":"https:\/\/www.hotelzurpost-riesenbeck.de\/en\/wp-json\/wp\/v2\/media?parent=15828"}],"curies":[{"name":"wp","href":"https:\/\/api.w.org\/{rel}","templated":true}]}}