{"id":16255,"date":"2021-07-14T11:24:18","date_gmt":"2021-07-14T09:24:18","guid":{"rendered":"https:\/\/www.hotelzurpost-riesenbeck.de\/?page_id=16255"},"modified":"2024-12-05T09:52:15","modified_gmt":"2024-12-05T08:52:15","slug":"page-daccueil","status":"publish","type":"page","link":"https:\/\/www.hotelzurpost-riesenbeck.de\/fr\/","title":{"rendered":"Page d&#8217;accueil"},"content":{"rendered":"<section class=\"wpb-content-wrapper\"><p>[vc_row full_width=&#8221;stretch_row_content_no_spaces&#8221;][vc_column]<div  class=\"hero-slider hero-slider--booking style4 hero-slider__big\" data-autoplay=\"true\" data-loop=\"true\" data-speed=\"8000\"><div class=\"hero-slider__items\"><div class=\"hero-slider__item\" style=\"background-image: url(https:\/\/www.hotelzurpost-riesenbeck.de\/wp-content\/uploads\/header_marc_bett.jpg);\"><div class=\"hero-slider__wrap jumbotron-text__content\"><div class=\"subtitle subtitle--slider\"><\/div><div class=\"title title--slider\">Des nuits \u00e9l\u00e9gantes<\/div><\/div><\/div><div class=\"hero-slider__item\" style=\"background-image: url(https:\/\/www.hotelzurpost-riesenbeck.de\/wp-content\/uploads\/header_Tisch_Bild_Figuren.jpg);\"><div class=\"hero-slider__wrap jumbotron-text__content\"><div class=\"subtitle subtitle--slider\"><\/div><div class=\"title title--slider\">Appr\u00e9cier le cadre chaleureux<\/div><\/div><\/div><div class=\"hero-slider__item\" style=\"background-image: url(https:\/\/www.hotelzurpost-riesenbeck.de\/wp-content\/uploads\/header_buffel_g-1.jpg);\"><div class=\"hero-slider__wrap jumbotron-text__content\"><div class=\"subtitle subtitle--slider\"><\/div><div class=\"title title--slider\">Un endroit sp\u00e9cial<\/div><\/div><\/div><div class=\"hero-slider__item\" style=\"background-image: url(https:\/\/www.hotelzurpost-riesenbeck.de\/wp-content\/uploads\/header_bar_g-1.jpg);\"><div class=\"hero-slider__wrap jumbotron-text__content\"><div class=\"subtitle subtitle--slider\"><\/div><div class=\"title title--slider\">Visitez les l\u00e9gendes<\/div><\/div><\/div><div class=\"hero-slider__item\" style=\"background-image: url(https:\/\/www.hotelzurpost-riesenbeck.de\/wp-content\/uploads\/header_kamin.jpg);\"><div class=\"hero-slider__wrap jumbotron-text__content\"><div class=\"subtitle subtitle--slider\"><\/div><div class=\"title title--slider\">Un cadre festif<\/div><\/div><\/div><\/div><div class=\"hero-additional hero-date-picker-style2\"><div class=\"container\">\n<div id=\"hotel-booking-search-69e177d716589\" class=\"hotel-booking-search\">\n\n\t<form  \n\t\tname=\"hb-search-form\" action=\"https:\/\/www.hotelzurpost-riesenbeck.de\/fr\/\" \n\t\tclass=\"hb-search-form-69e177d71656c\"\n\t>\n\t\t\t\t<ul class=\"hb-form-table\">\n\t\t\t<li class=\"hb-form-field\">\n\t\t\t\t\t\t\t\t<div class=\"hb-form-field-input hb_input_field\">\n\t\t\t\t\t<input type=\"text\" name=\"check_in_date\" id=\"check_in_date_69e177d71656c\"\n\t\t\t\t\t\t\tclass=\"hb_input_date_check\" value=\"\"\n\t\t\t\t\t\t\tplaceholder=\"Check-in Date\"\n\t\t\t\t\t\t\tautocomplete=\"off\"\/>\n\t\t\t\t<\/div>\n\t\t\t<\/li>\n\n\t\t\t<li class=\"hb-form-field\">\n\t\t\t\t\t\t\t\t<div class=\"hb-form-field-input hb_input_field\">\n\t\t\t\t\t<input type=\"text\" name=\"check_out_date\" id=\"check_out_date_69e177d71656c\"\n\t\t\t\t\t\t\tclass=\"hb_input_date_check\" value=\"\"\n\t\t\t\t\t\t\tplaceholder=\"Check-out Date\"\n\t\t\t\t\t\t\tautocomplete=\"off\"\/>\n\t\t\t\t<\/div>\n\t\t\t<\/li>\n\n\t\t\t<li class=\"hb-form-field\">\n\t\t\t\t\t\t\t\t<div class=\"hb-form-field-input\">\n\t\t\t\t\t<select name=\"adults_capacity\" ><option value=\"\">Adultes<\/option><option value=\"1\">1<\/option><option value=\"2\">2<\/option><option value=\"3\">3<\/option><option value=\"4\">4<\/option><option value=\"5\">5<\/option><option value=\"6\">6<\/option><option value=\"7\">7<\/option><option value=\"8\">8<\/option><option value=\"9\">9<\/option><option value=\"10\">10<\/option><option value=\"11\">11<\/option><option value=\"12\">12<\/option><option value=\"13\">13<\/option><option value=\"14\">14<\/option><option value=\"15\">15<\/option><option value=\"16\">16<\/option><option value=\"17\">17<\/option><option value=\"18\">18<\/option><option value=\"19\">19<\/option><option value=\"20\">20<\/option><\/select>\t\t\t\t<\/div>\n\t\t\t<\/li>\n\n\t\t\t<li class=\"hb-form-field\">\n\t\t\t\t\t\t\t\t<div class=\"hb-form-field-input\">\n\t\t\t\t\t<select name=\"max_child\" ><option value=\"\">Enfants<\/option><option value=\"1\">1<\/option><\/select>\t\t\t\t<\/div>\n\t\t\t<\/li>\n\t\t\t<li class=\"hb-form-field\">\n\t\t\t\t\t\t\t\t<div class=\"hb-form-field-input\">\n\t\t\t\t\t<select name=\"number-of-rooms\" ><option value=\"\">Number of rooms<\/option><option value=\"1\" selected=\"selected\">1<\/option><option value=\"2\">2<\/option><option value=\"3\">3<\/option><option value=\"4\">4<\/option><option value=\"5\">5<\/option><option value=\"6\">6<\/option><option value=\"7\">7<\/option><option value=\"8\">8<\/option><option value=\"9\">9<\/option><option value=\"10\">10<\/option><option value=\"11\">11<\/option><option value=\"12\">12<\/option><option value=\"13\">13<\/option><option value=\"14\">14<\/option><option value=\"15\">15<\/option><option value=\"16\">16<\/option><option value=\"17\">17<\/option><option value=\"18\">18<\/option><option value=\"19\">19<\/option><option value=\"20\">20<\/option><\/select>\t\t\t\t<\/div>\n\t\t\t<\/li>\n\t\t<\/ul>\n\n\t\t<input type=\"hidden\" id=\"nonce\" name=\"nonce\" value=\"3f27ebf534\" \/><input type=\"hidden\" name=\"_wp_http_referer\" value=\"\/fr\/wp-json\/wp\/v2\/pages\/16255\" \/>\t\t<input type=\"hidden\" name=\"hotel-booking\" value=\"results\"\/>\n\t\t<input type=\"hidden\" name=\"widget-search\"\n\t\t\t\tvalue=\"\"\/>\n\t\t<input type=\"hidden\" name=\"action\" value=\"hotel_booking_parse_search_params\"\/>\n\t\t<input type=\"hidden\" name=\"paged\" value=\"1\"\/>\n\n\t\t<p class=\"hb-submit\">\n\t\t\t<button type=\"submit\" class=\"wphb-button\">Voir les disponibilit\u00e9s<\/button>\n\t\t<\/p>\n\t<\/form>\n\n\t\n<\/div>\n<\/div><\/div><\/div>[\/vc_column][\/vc_row][vc_row full_width=&#8221;stretch_row_content_no_spaces&#8221;][vc_column width=&#8221;1\/4&#8243;][\/vc_column][vc_column width=&#8221;1\/2&#8243;]<div  class=\"empty-space  marg-lg-b100 marg-xs-b50\"><\/div><div class=\"text-block \" ><div class=\"simple-text \"><h1 class=\"p1\" style=\"text-align: center;\">BIENVENUE \u00e0 l&#8217;Hotel zur Post !<\/h1>\n<p class=\"p1\" style=\"text-align: center;\">L&#8217;Hotel zur Post est un \u00e9tablissement historique 4 \u00e9toiles situ\u00e9 dans le centre de Riesenbeck. Un h\u00f4tel de charme moderne avec une touche particuli\u00e8re vous attend. Profitez de notre cuisine gastronomique et r\u00e9gionale, utilisant principalement des produits locaux. D\u00e9couvrez le charme de nos chambres luxueuses. L\u00b4accueil chaleureux de notre personnel rendra votre s\u00e9jour aussi agr\u00e9able que possible.<\/p>\n<\/div><\/div><div  class=\"empty-space  marg-lg-b50\"><\/div>[\/vc_column][vc_column width=&#8221;1\/4&#8243;][\/vc_column][\/vc_row][vc_row full_width=&#8221;stretch_row_content_no_spaces&#8221;][vc_column]<div class=\"jumbotron has-overlay\"  data-image=\"https:\/\/www.hotelzurpost-riesenbeck.de\/wp-content\/uploads\/Hotel_Post_Riesenbck18_1.jpg\"><div class=\"container\"><div class=\"row\"><div class=\"col-md-12 jumbotron-text__content\"><div class=\"subtitle subtitle--lg\"><\/div><div class=\"title title--lg\">Nous vous g\u00e2terons volontiers avec de nouveaux plats, Jetez un coup d'\u0153il sur nos ...<\/div><div class=\"spacing\" style=\"height: 20px\"><\/div><a class=\"btn btn--md btn--normal\" href=\"https:\/\/www.hotelzurpost-riesenbeck.de\/fr\/restaurants-bars\/\" title=\"Kontakt\" target=\"_self\">Notre carte de menu<\/a><div class=\"spacing\" style=\"height: 50px\"><\/div><div class=\"counter-wrap\"><\/div><\/div><\/div><\/div><\/div><div  class=\"empty-space  marg-lg-b115 marg-xs-b50\"><\/div>[\/vc_column][\/vc_row][vc_row][vc_column][vc_separator][vc_row_inner][vc_column_inner width=&#8221;3\/4&#8243;]<div class=\"text-block \" ><div class=\"simple-text \"><h3 class=\"p1\">Un vrai rayon de soleil &#8211; et un grand honneur en plus : Notre Traveller Review Award !<\/h3>\n<p>Apr\u00e8s avoir souffert des conditions difficiles de l&#8217;ann\u00e9e 2020, nous avons re\u00e7u une nouvelle de Booking.com qui est pour nous \u00e0 la fois une lueur d&#8217;espoir et une motivation :<\/p>\n<p>Nous avons obtenu des &#8220;r\u00e9sultats d&#8217;\u00e9valuation exceptionnels&#8221; de la part de nos clients et ce &#8220;tout au long de l&#8217;ann\u00e9e derni\u00e8re&#8221;, raison pour laquelle Booking.com a d\u00e9cern\u00e9 le Traveller Review Award 2021 \u00e0 l&#8217;Hotel zur Post Riesenbeck. Avec 9,2 points sur un maximum de 10 ! Nous nous sentons confort\u00e9s dans notre action &#8211; malgr\u00e9 la crise &#8211; et vraiment honor\u00e9s ! L&#8217;effort en valait la peine.<\/p>\n<\/div><\/div>[\/vc_column_inner][vc_column_inner width=&#8221;1\/4&#8243;][vc_single_image image=&#8221;17774&#8243; img_size=&#8221;large&#8221;][\/vc_column_inner][\/vc_row_inner][\/vc_column][\/vc_row][vc_row][vc_column offset=&#8221;vc_hidden-lg vc_hidden-md vc_hidden-sm vc_hidden-xs&#8221;][vc_separator][\/vc_column][\/vc_row][vc_row][vc_column width=&#8221;1\/2&#8243; offset=&#8221;vc_hidden-lg vc_hidden-md vc_hidden-sm vc_hidden-xs&#8221;][vc_single_image image=&#8221;17732&#8243; img_size=&#8221;large&#8221; alignment=&#8221;center&#8221; onclick=&#8221;custom_link&#8221; img_link_target=&#8221;_blank&#8221; link=&#8221;https:\/\/www.facebook.com\/100057573184222\/videos\/826564027877648\/&#8221;][\/vc_column][vc_column width=&#8221;1\/2&#8243; offset=&#8221;vc_hidden-lg vc_hidden-md vc_hidden-sm vc_hidden-xs&#8221;]<div class=\"text-block \" ><div class=\"simple-text \"><h2>Tiemann testet<\/h2>\n<p class=\"LC20lb MBeuO DKV0Md\"><strong>WDR Lokalzeit M\u00fcnsterland &#8211; Tiemann fait des tests.<\/strong> Cette fois-ci, Monsieur Tiemann est l&#8217;invit\u00e9 de l&#8217;h\u00f4tel zur Post.<\/p>\n<p><a href=\"https:\/\/www.facebook.com\/watch\/?v=826564027877648\">Zum Video<\/a><\/p>\n<\/div><\/div>[\/vc_column][\/vc_row][vc_row][vc_column][vc_separator][\/vc_column][\/vc_row][vc_row][vc_column width=&#8221;1\/2&#8243;]<div  class=\"empty-space  marg-lg-b15\"><\/div><img decoding=\"async\"  class=\"img-responsive  \" src=\"https:\/\/www.hotelzurpost-riesenbeck.de\/wp-content\/uploads\/eingang.jpg\" alt=\"\">[\/vc_column][vc_column width=&#8221;1\/2&#8243;]<div  class=\"empty-space  marg-lg-b15\"><\/div>[vc_custom_heading text=&#8221;Notre \u00c9quipement&#8221; use_theme_fonts=&#8221;yes&#8221;]<div  class=\"empty-space  marg-lg-b20\"><\/div><div  class=\"special-text\" style=\" font-size:16px; font-weight:300; line-height:1.7em; color:#666666;\"><p class=\"p1\">L&#8217;Hotel zur Post Riesenbeck dispose de nombreux espaces dot\u00e9s d&#8217;un mobilier de haute qualit\u00e9. 12 chambres et suites de luxe enti\u00e8rement climatis\u00e9es et con\u00e7ues individuellement (17 \u00e0 40 m\u00b2), 2 restaurants, un bar, un caf\u00e9 en terrasse et un caf\u00e9 sur rue, un bowling, une salle de fitness et un sauna, une salle d&#8217;exposition de vins, des salles de conf\u00e9rence et d&#8217;\u00e9v\u00e9nements modulables avec les derniers \u00e9quipements multim\u00e9dias pouvant accueillir jusqu&#8217;\u00e0 200 invit\u00e9s, divers objets d&#8217;art, des \u00e9quipements sanitaires de haut de gamme, un rez-de-chauss\u00e9e accessible \u00e0 tous, la climatisation dans une grande partie du b\u00e2timent, une connexion Wi-Fi gratuite et un parking priv\u00e9 et gratuit.<\/p>\n<\/div>[\/vc_column][\/vc_row][vc_row][vc_column]<div  class=\"empty-space  marg-lg-b70\"><\/div>[vc_separator]<div  class=\"main-heading\"><span class=\"subtitle\">H\u00c9BERGEMENT<\/span><h2 class=\"title\">Les chambres en images<\/h2><\/div><div  class=\"empty-space  marg-lg-b30\"><\/div>[\/vc_column][\/vc_row][vc_row][vc_column]\n  <div  class=\"rooms-slider \">\n\n        <a href=\"https:\/\/www.hotelzurpost-riesenbeck.de\/fr\/room\/chambre-deluxe-pierre-auguste-renoir\/\" class=\"rooms-slider__item\">\n      <div class=\"rooms-slider__item-wrap\">\n        <div class=\"rooms-slider__image\"><img decoding=\"async\" src=\"https:\/\/www.hotelzurpost-riesenbeck.de\/wp-content\/uploads\/header-renoir-1-368x268.jpg\" alt=\"Chambre Deluxe &#8211; Pierre-Auguste Renoir\"><\/div>\n        <h3 class=\"rooms-slider__title\">Chambre Deluxe &#8211; Pierre-Auguste Renoir<\/h3>\n                                <\/div>\n    <\/a>\n        <a href=\"https:\/\/www.hotelzurpost-riesenbeck.de\/fr\/room\/chambre-superieure-claude-monet\/\" class=\"rooms-slider__item\">\n      <div class=\"rooms-slider__item-wrap\">\n        <div class=\"rooms-slider__image\"><img decoding=\"async\" src=\"https:\/\/www.hotelzurpost-riesenbeck.de\/wp-content\/uploads\/Headerbild_oben_monet-1-368x268.jpg\" alt=\"Chambre Sup\u00e9rieure \u2013 Claude Monet\"><\/div>\n        <h3 class=\"rooms-slider__title\">Chambre Sup\u00e9rieure \u2013 Claude Monet<\/h3>\n                                <\/div>\n    <\/a>\n        <a href=\"https:\/\/www.hotelzurpost-riesenbeck.de\/fr\/room\/suite-marc-chagall\/\" class=\"rooms-slider__item\">\n      <div class=\"rooms-slider__item-wrap\">\n        <div class=\"rooms-slider__image\"><img decoding=\"async\" src=\"https:\/\/www.hotelzurpost-riesenbeck.de\/wp-content\/uploads\/header-chagall-1-368x268.jpg\" alt=\"Suite &#8211; Marc Chagall\"><\/div>\n        <h3 class=\"rooms-slider__title\">Suite &#8211; Marc Chagall<\/h3>\n                                <\/div>\n    <\/a>\n    \n  <\/div>\n  <div class=\"slick-nav\"><\/div>\n\n  [\/vc_column][\/vc_row][vc_row full_width=&#8221;stretch_row_content_no_spaces&#8221;][vc_column width=&#8221;1\/4&#8243;][\/vc_column][vc_column width=&#8221;1\/2&#8243;]<div class=\"text-block \" ><div class=\"simple-text \"><h2 class=\"p1\" style=\"text-align: center;\"><b>Confort et style<\/b><\/h2>\n<p class=\"p1\" style=\"text-align: center;\">Notre h\u00f4tel de charme compte 12 chambres de premi\u00e8re classe. Une journ\u00e9e saine et dynamique commence apr\u00e8s une bonne nuit de sommeil. C&#8217;est pourquoi nous avons apport\u00e9 un soin particulier \u00e0 la qualit\u00e9 de l\u00b4am\u00e9nagement de nos chambres. La literie est de Auping, les chambres sont \u00e9quip\u00e9es de fen\u00eatres \u00e0 double vitrage et de portes insonoris\u00e9es et les salles de bains de douches \u00e0 effet pluie et de dalles de pierre naturelle.<\/p>\n<p class=\"p1\" style=\"text-align: center;\">A noter\u00a0! Vous pouvez admirer dans les chambres des lettres manuscrites et uniques de peintres comme Monet, Renoir ou Spitzweg, expos\u00e9es sur les murs. Appr\u00e9ciez et profitez de votre s\u00e9jour \u00e0 l\u00b4H\u00f4tel de la Poste\u00a0!<\/p>\n<\/div><\/div><div  class=\"empty-space  marg-lg-b30\"><\/div>[\/vc_column][vc_column width=&#8221;1\/4&#8243;][\/vc_column][\/vc_row][vc_row][vc_column][vc_separator]<div  class=\"empty-space  marg-lg-b30\"><\/div><div  class=\"hb-text-block__wrapper style1\"><div class=\"row\"><div class=\"col-md-6\"><div class=\"hb-image__block\"><img decoding=\"async\" src=\"https:\/\/www.hotelzurpost-riesenbeck.de\/wp-content\/uploads\/Food_lachs.jpg\" alt=\"\" \/><\/div><\/div><div class=\"col-md-6\"><div class=\"hb-text_block_content\"><div class=\"hb-text-block___inner_wrapper\"><div class=\"featured-rooms-slider__title title-color-black\">Savoir vivre<\/div><div class=\"featured-rooms-slider__text content-color-grey\"><\/p>\n<p class=\"p1\">L\u00b4art de recevoir est pour nous une conviction personnelle. La maxime de notre \u00e9quipe de restaurant est de garantir la r\u00e9gionalit\u00e9 des produits et de r\u00e9pondre \u00e0 des exigences culinaires de qualit\u00e9. Ceci est valable pour notre auberge westphalienne tout comme pour notre coin bistro, nous cuisinons toujours des mets sains et savoureux. De l\u00b4alliance d&#8217;une ambiance \u00e9l\u00e9gante et d&#8217;un service de premi\u00e8re classe, nous avons cr\u00e9\u00e9 un restaurant o\u00f9 on aime de revenir.<\/p>\n<p><\/div><\/div><\/div><\/div><\/div><\/div><div  class=\"empty-space  marg-lg-b70\"><\/div>[vc_separator][\/vc_column][\/vc_row][vc_row][vc_column width=&#8221;1\/2&#8243;][vc_custom_heading text=&#8221;D\u00e9couvrez Riesenbeck&#8221; use_theme_fonts=&#8221;yes&#8221;]<div  class=\"special-text\" style=\" font-size:16px; font-weight:300; line-height:1.7em; color:#666666;\"><p class=\"p1\">Situ\u00e9 au pied de la for\u00eat de Teutoburg, le village typique de Westphalie vous invite \u00e0 profiter de nombreuses activit\u00e9s de loisirs. Vous pourrez d\u00e9couvrir les longs sentiers de randonn\u00e9e \u00e0 pied ou en VTT. Riesenbeck et la r\u00e9gion du M\u00fcnsterland sont id\u00e9ales pour les randonn\u00e9es \u00e0 v\u00e9lo. Les installations du Surenburg sont consid\u00e9r\u00e9es comme un eldorado des sports \u00e9questres. Que ce soit en cavalier ou en spectateur, une visite en vaut toujours la peine. Une autre attraction est le soi-disant \u00ab\u00a0triangle humide\u00a0\u00bb. Ici, le canal Mittelland bifurque du canal Dortmund-Ems et traverse la for\u00eat de Teutoburg. Vous pouvez explorer ce site pittoresque \u00e0 pied directement depuis l&#8217;h\u00f4tel. Vous pourrez ensuite vous rafra\u00eechir sur notre terrasse ombrag\u00e9e en \u00e9t\u00e9 ou vous d\u00e9tendre au coin du feu en hiver.<\/p>\n<\/div><div  class=\"empty-space  marg-lg-b20\"><\/div>[\/vc_column][vc_column width=&#8221;1\/2&#8243;]<div  class=\"empty-space  marg-lg-b20\"><\/div><img decoding=\"async\"  class=\"img-responsive  \" src=\"https:\/\/www.hotelzurpost-riesenbeck.de\/wp-content\/uploads\/Postkarte_Vorderseite.jpg\" alt=\"\"><div  class=\"empty-space  marg-lg-b30\"><\/div>[\/vc_column][\/vc_row][vc_row full_width=&#8221;stretch_row_content_no_spaces&#8221;][vc_column]<div class=\"jumbotron has-overlay wanderwege\"  data-image=\"https:\/\/www.hotelzurpost-riesenbeck.de\/wp-content\/uploads\/Banner_wandern-scaled.jpg\"><div class=\"container\"><div class=\"row\"><div class=\"col-md-12 jumbotron-text__content\"><div class=\"subtitle subtitle--lg\"><\/div><div class=\"title title--lg\">D\u00e9couvrez la beaut\u00e9 de notre r\u00e9gion en vous promenant dans les environs.<\/div><div class=\"spacing\" style=\"height: 20px\"><\/div><a class=\"btn btn--md btn--normal\" href=\"https:\/\/teutoschleifen.de\/\" title=\"button\" target=\"_self\">Sentiers de randonn\u00e9e dans les environs<\/a><div class=\"spacing\" style=\"height: 50px\"><\/div><div class=\"counter-wrap\"><\/div><\/div><\/div><\/div><\/div>[\/vc_column][\/vc_row]<\/p><\/section>","protected":false},"excerpt":{"rendered":"<p>[vc_row full_width=&#8221;stretch_row_content_no_spaces&#8221;][vc_column][\/vc_column][\/vc_row][vc_row full_width=&#8221;stretch_row_content_no_spaces&#8221;][vc_column width=&#8221;1\/4&#8243;][\/vc_column][vc_column width=&#8221;1\/2&#8243;][\/vc_column][vc_column width=&#8221;1\/4&#8243;][\/vc_column][\/vc_row][vc_row full_width=&#8221;stretch_row_content_no_spaces&#8221;][vc_column][\/vc_column][\/vc_row][vc_row][vc_column][vc_separator][vc_row_inner][vc_column_inner width=&#8221;3\/4&#8243;][\/vc_column_inner][vc_column_inner width=&#8221;1\/4&#8243;][vc_single_image image=&#8221;17774&#8243; img_size=&#8221;large&#8221;][\/vc_column_inner][\/vc_row_inner][\/vc_column][\/vc_row][vc_row][vc_column offset=&#8221;vc_hidden-lg vc_hidden-md vc_hidden-sm vc_hidden-xs&#8221;][vc_separator][\/vc_column][\/vc_row][vc_row][vc_column width=&#8221;1\/2&#8243; offset=&#8221;vc_hidden-lg vc_hidden-md vc_hidden-sm vc_hidden-xs&#8221;][vc_single_image image=&#8221;17732&#8243; img_size=&#8221;large&#8221; alignment=&#8221;center&#8221; onclick=&#8221;custom_link&#8221; img_link_target=&#8221;_blank&#8221; link=&#8221;https:\/\/www.facebook.com\/100057573184222\/videos\/826564027877648\/&#8221;][\/vc_column][vc_column width=&#8221;1\/2&#8243; offset=&#8221;vc_hidden-lg vc_hidden-md vc_hidden-sm vc_hidden-xs&#8221;][\/vc_column][\/vc_row][vc_row][vc_column][vc_separator][\/vc_column][\/vc_row][vc_row][vc_column width=&#8221;1\/2&#8243;][\/vc_column][vc_column width=&#8221;1\/2&#8243;][vc_custom_heading text=&#8221;Notre \u00c9quipement&#8221; use_theme_fonts=&#8221;yes&#8221;][\/vc_column][\/vc_row][vc_row][vc_column][vc_separator][\/vc_column][\/vc_row][vc_row][vc_column][\/vc_column][\/vc_row][vc_row full_width=&#8221;stretch_row_content_no_spaces&#8221;][vc_column width=&#8221;1\/4&#8243;][\/vc_column][vc_column width=&#8221;1\/2&#8243;][\/vc_column][vc_column width=&#8221;1\/4&#8243;][\/vc_column][\/vc_row][vc_row][vc_column][vc_separator][vc_separator][\/vc_column][\/vc_row][vc_row][vc_column width=&#8221;1\/2&#8243;][vc_custom_heading text=&#8221;D\u00e9couvrez Riesenbeck&#8221; use_theme_fonts=&#8221;yes&#8221;][\/vc_column][vc_column width=&#8221;1\/2&#8243;][\/vc_column][\/vc_row][vc_row full_width=&#8221;stretch_row_content_no_spaces&#8221;][vc_column][\/vc_column][\/vc_row]<\/p>\n","protected":false},"author":2,"featured_media":0,"parent":0,"menu_order":0,"comment_status":"closed","ping_status":"closed","template":"","meta":{"_acf_changed":false,"footnotes":""},"class_list":["post-16255","page","type-page","status-publish","hentry"],"acf":[],"_links":{"self":[{"href":"https:\/\/www.hotelzurpost-riesenbeck.de\/fr\/wp-json\/wp\/v2\/pages\/16255","targetHints":{"allow":["GET"]}}],"collection":[{"href":"https:\/\/www.hotelzurpost-riesenbeck.de\/fr\/wp-json\/wp\/v2\/pages"}],"about":[{"href":"https:\/\/www.hotelzurpost-riesenbeck.de\/fr\/wp-json\/wp\/v2\/types\/page"}],"author":[{"embeddable":true,"href":"https:\/\/www.hotelzurpost-riesenbeck.de\/fr\/wp-json\/wp\/v2\/users\/2"}],"replies":[{"embeddable":true,"href":"https:\/\/www.hotelzurpost-riesenbeck.de\/fr\/wp-json\/wp\/v2\/comments?post=16255"}],"version-history":[{"count":48,"href":"https:\/\/www.hotelzurpost-riesenbeck.de\/fr\/wp-json\/wp\/v2\/pages\/16255\/revisions"}],"predecessor-version":[{"id":17975,"href":"https:\/\/www.hotelzurpost-riesenbeck.de\/fr\/wp-json\/wp\/v2\/pages\/16255\/revisions\/17975"}],"wp:attachment":[{"href":"https:\/\/www.hotelzurpost-riesenbeck.de\/fr\/wp-json\/wp\/v2\/media?parent=16255"}],"curies":[{"name":"wp","href":"https:\/\/api.w.org\/{rel}","templated":true}]}}