{"id":16311,"date":"2021-07-15T11:26:31","date_gmt":"2021-07-15T09:26:31","guid":{"rendered":"https:\/\/www.hotelzurpost-riesenbeck.de\/?page_id=16311"},"modified":"2024-12-05T10:28:06","modified_gmt":"2024-12-05T09:28:06","slug":"a-propos-de-nous","status":"publish","type":"page","link":"https:\/\/www.hotelzurpost-riesenbeck.de\/fr\/a-propos-de-nous\/","title":{"rendered":"\u00c0 propos de nous"},"content":{"rendered":"<section class=\"wpb-content-wrapper\"><p>[vc_row full_width=&#8221;stretch_row_content_no_spaces&#8221; css=&#8221;.vc_custom_1596906260160{padding-top: 150px !important;padding-bottom: 150px !important;background-image: url(https:\/\/www.hotelzurpost-riesenbeck.de\/wp-content\/uploads\/Hotel_Post_Riesenbck32_Hotel_Aussen.jpg?id=15974) !important;background-position: center !important;background-repeat: no-repeat !important;background-size: cover !important;}&#8221;][vc_column]<div  class=\"main-heading\"><span class=\"subtitle\" style=\"font-size:14px;color:rgba(255,255,255,0.79);\"><\/span><h2 class=\"title\" style=\"font-size:40px;color:#ffffff;\"><\/h2><\/div>[\/vc_column][\/vc_row][vc_row][vc_column width=&#8221;1\/6&#8243;][\/vc_column][vc_column width=&#8221;2\/3&#8243;]<div  class=\"empty-space  marg-lg-b100 marg-xs-b50\"><\/div><div class=\"text-block \" ><div class=\"simple-text \"><h1 class=\"p1\" style=\"text-align: center;\">Un endroit sp\u00e9cial<\/h1>\n<p class=\"p1\" style=\"text-align: center;\">Nous voulions cr\u00e9er quelque chose de particulier avec l&#8217;Hotel zur Post\u00a0: Un lieu qui inspire et soit agr\u00e9able \u00e0 vivre, entre les restaurants traditionnels westphaliens et les h\u00f4tels de charme modernes. L&#8217;art joue un r\u00f4le important pour nous car, selon Picasso, \u00ab\u00a0il lave de nos \u00e2mes la poussi\u00e8re du quotidien\u00a0\u00bb. Nous cultivons l\u00b4art de recevoir et une cuisine de haut niveau sans perdre nos racines. Votre bien-\u00eatre est le plus important, c&#8217;est ce que nous d\u00e9fendons, c&#8217;est ce que repr\u00e9sente l&#8217;Hotel zur Post. Cet endroit sp\u00e9cial a vu le jour et vaut la peine d&#8217;\u00eatre visit\u00e9.<\/p>\n<\/div><\/div>[\/vc_column][vc_column width=&#8221;1\/6&#8243;][\/vc_column][\/vc_row][vc_row][vc_column]<div  class=\"empty-space  marg-lg-b50 marg-xs-b50\"><\/div>[vc_separator]<div class=\"text-block \" ><div class=\"simple-text \"><h1 class=\"p1\">Nos possibilit\u00e9s<\/h1>\n<p class=\"p1\">L&#8217;H\u00f4tel zur Post vous propose des chambres que vous pourrez admirer et o\u00f9 vous pourrez vous sentir bien, comme les chambres, qui sont d\u00e9di\u00e9es aux peintres les plus importants des XIXe et XXe si\u00e8cles. Dans nos restaurants, vous pourrez d\u00e9couvrir l&#8217;atmosph\u00e8re d&#8217;une auberge westphalienne ou d\u00b4un bistrot moderne. En \u00e9t\u00e9, vous avez le choix entre notre caf\u00e9 sur rue devant la fa\u00e7ade du b\u00e2timent historique ou le caf\u00e9 en plein air dans la cour int\u00e9rieure. Pour votre bien-\u00eatre physique, l&#8217;Hotel zur Post propose un espace gym avec des \u00e9quipements de remise en forme modernes et un sauna. Les salles de conf\u00e9rence sont disponibles pour toutes sortes d&#8217;\u00e9v\u00e9nements avec jusqu&#8217;\u00e0 200 invit\u00e9s.<\/p>\n<\/div><\/div><div  class=\"empty-space  marg-lg-b50 marg-xs-b50\"><\/div>[\/vc_column][\/vc_row][vc_row][vc_column]<div  class=\"empty-space  marg-lg-b25 marg-xs-b50\"><\/div>[vc_basic_grid post_type=&#8221;page&#8221; max_items=&#8221;10&#8243; element_width=&#8221;3&#8243; orderby=&#8221;menu_order&#8221; order=&#8221;ASC&#8221; initial_loading_animation=&#8221;none&#8221; grid_id=&#8221;vc_gid:1733390869498-5c9ed627-a60f-5&#8243; exclude=&#8221;1132, 3, 15251, 616&#8243;]<div  class=\"empty-space  marg-lg-b25 marg-xs-b50\"><\/div>[vc_separator][\/vc_column][\/vc_row][vc_row][vc_column]<div class=\"text-block \" ><div class=\"simple-text \"><h1 class=\"p1\">L&#8217;histoire<\/h1>\n<p class=\"p1\">La premi\u00e8re pierre du b\u00e2timent a \u00e9t\u00e9 pos\u00e9e en 1752. Le nom Hotel zur Post remonte \u00e0 cette \u00e9poque. La poste prussienne a utilis\u00e9 le b\u00e2timent comme gare pour le trafic de cal\u00e8ches. Vous pouvez voir un cor postal de cette \u00e9poque dans notre hall. Jusque dans les ann\u00e9es 1980, il y avait une succursale de la poste f\u00e9d\u00e9rale allemande dans une aile de notre b\u00e2timent. Les propri\u00e9taires de longue date Anna et Bernhard Kerkhoff, qui ont fait de l&#8217;h\u00f4tel un point central de Riesenbeck de 1933 \u00e0 1976, ont jou\u00e9 un r\u00f4le d\u00e9terminant dans l&#8217;expansion de l&#8217;h\u00f4tel. Une r\u00e9novation compl\u00e8te a eu lieu en 1980. Apr\u00e8s un agrandissement fondamental du b\u00e2timent, l&#8217;Hotel zur Post a ouvert ses portes en 2019 en h\u00f4tel 4 \u00e9toiles. Il est d\u00e9sormais g\u00e9r\u00e9 comme un h\u00f4tel de charme exclusif d\u00e9di\u00e9 au th\u00e8me de l&#8217;art et des lettres.<\/p>\n<\/div><\/div><div  class=\"empty-space  marg-lg-b100 marg-xs-b50\"><\/div>[\/vc_column][\/vc_row][vc_row full_width=&#8221;stretch_row_content_no_spaces&#8221;][vc_column]<div  class=\"hb-text-block__wrapper style1\"><div class=\"row\"><div class=\"col-md-6\"><div class=\"hb-image__block\"><img decoding=\"async\" src=\"https:\/\/www.hotelzurpost-riesenbeck.de\/wp-content\/uploads\/Dali_bild-1.jpg\" alt=\"\" \/><\/div><\/div><div class=\"col-md-6\"><div class=\"hb-text_block_content\"><div class=\"hb-text-block___inner_wrapper\"><div class=\"featured-rooms-slider__title title-color-black\">Lettres et cartes postales<\/div><div class=\"featured-rooms-slider__text content-color-grey\"><\/p>\n<p class=\"p1\">L&#8217;Hotel zur Post porte bien son nom. \u00c0 l&#8217;\u00e8re des courriels et de WhatsApp, les lettres et les cartes postales risquent de dispara\u00eetre. C&#8217;est pourquoi nous montrons la beaut\u00e9 imp\u00e9rissable du vrai courrier dans nos chambres. Les lettres sont pr\u00e9sent\u00e9es par des personnes qui avaient quelque chose \u00e0 dire et qui comptent parmi les personnalit\u00e9s les plus c\u00e9l\u00e8bres de l&#8217;histoire. La gamme est large. Elle va de Goethe \u00e0 Elvis et de Loriot \u00e0 Picasso. Probablement une collection unique. Lire ces lettres et comprendre leur histoire est un plaisir particulier. Il devient vite \u00e9vident que les lettres sont un bien culturel important qui doit \u00eatre pr\u00e9serv\u00e9. Vous pouvez d\u00e9couvrir chez nous 60 lettres et cartes postales aussi fascinantes, \u00e9tonnantes, dr\u00f4les, \u00e9blouissantes, \u00e9tranges ou tristes que vous pouvez \u00e0 peine vous en s\u00e9parer.<\/p>\n<p><\/div><\/div><\/div><\/div><\/div><\/div><div  class=\"empty-space  marg-lg-b50\"><\/div>[\/vc_column][\/vc_row][vc_row][vc_column width=&#8221;1\/6&#8243;][\/vc_column][vc_column width=&#8221;2\/3&#8243;]<div  class=\"empty-space  marg-lg-b35 marg-xs-b50\"><\/div><div class=\"text-block \" ><div class=\"simple-text \"><h2 class=\"p1\" style=\"text-align: center;\">Localisation<\/h2>\n<p class=\"p1\" style=\"text-align: center;\">Riesenbeck est situ\u00e9 sur le versant sud de la for\u00eat de Teutoburg dans le nord du M\u00fcnsterland. Le canal Dortmund-Ems et le canal Mittelland se rejoignent pr\u00e8s de la ville au niveau du &#8220;Nassen Dreieck&#8221;. La for\u00eat de Teutoburg, au nord de Riesenbeck, offre de multiples possibilit\u00e9s de randonn\u00e9es sur le c\u00e9l\u00e8bre \u00ab\u00a0Chemin Hermann\u00a0\u00bb. Riesenbeck est tr\u00e8s bien desservie gr\u00e2ce aux autoroutes A30 et A1, M\u00fcnster et Osnabr\u00fcck sont accessibles en 35 minutes environ. Le temps de trajet en voiture jusqu&#8217;\u00e0 l&#8217;a\u00e9roport voisin de M\u00fcnster \/ Osnabr\u00fcck est \u00e0 seulement 15 minutes. L&#8217;h\u00f4tel lui-m\u00eame se situe au centre du village. Les places de parking de l&#8217;h\u00f4tel sont gratuites.<\/p>\n<\/div><\/div>[\/vc_column][vc_column width=&#8221;1\/6&#8243;][\/vc_column][\/vc_row][vc_row][vc_column]<div  class=\"empty-space  marg-lg-b35 marg-xs-b50\"><\/div>[vc_gmaps link=&#8221;#E-8_JTNDaWZyYW1lJTIwc3JjJTNEJTIyaHR0cHMlM0ElMkYlMkZ3d3cuZ29vZ2xlLmNvbSUyRm1hcHMlMkZlbWJlZCUzRnBiJTNEJTIxMW0xOCUyMTFtMTIlMjExbTMlMjExZDk3NjguODQ3NDQ4NTgyMjMlMjEyZDcuNjE5MjkyNzc2MzU0NDE1JTIxM2Q1Mi4yNTc2OTc3MDEzNjcyJTIxMm0zJTIxMWYwJTIxMmYwJTIxM2YwJTIxM20yJTIxMWkxMDI0JTIxMmk3NjglMjE0ZjEzLjElMjEzbTMlMjExbTIlMjExczB4NDdiOWNmYjc0Y2MxZjc5NSUyNTNBMHgzOTk1ZTc0YzFhYWYwZjMxJTIxMnNadXIlMjUyMFBvc3QlMjE1ZTAlMjEzbTIlMjExc2RlJTIxMnNkZSUyMTR2MTU3OTI3NTQ5NTcwNiUyMTVtMiUyMTFzZGUlMjEyc2RlJTIyJTIwZnJhbWVib3JkZXIlM0QlMjIwJTIyJTIwc3R5bGUlM0QlMjJoZWlnaHQlM0ElMjA0NTBweCUzQiUyMHdpZHRoJTNBJTIwMTAwJTI1JTNCJTIwYm9yZGVyJTNBMCUzQiUyMiUyMGFsbG93ZnVsbHNjcmVlbiUzRCUyMiUyMiUzRSUzQyUyRmlmcmFtZSUzRQ==&#8221; size=&#8221;450&#8243;]<div  class=\"empty-space  marg-lg-b50 marg-xs-b50\"><\/div>[\/vc_column][vc_column][\/vc_column][\/vc_row]<\/p><\/section>","protected":false},"excerpt":{"rendered":"<p>[vc_row full_width=&#8221;stretch_row_content_no_spaces&#8221; css=&#8221;.vc_custom_1596906260160{padding-top: 150px !important;padding-bottom: 150px !important;background-image: url(https:\/\/www.hotelzurpost-riesenbeck.de\/wp-content\/uploads\/Hotel_Post_Riesenbck32_Hotel_Aussen.jpg?id=15974) !important;background-position: center !important;background-repeat: no-repeat !important;background-size: cover !important;}&#8221;][vc_column][\/vc_column][\/vc_row][vc_row][vc_column width=&#8221;1\/6&#8243;][\/vc_column][vc_column width=&#8221;2\/3&#8243;][\/vc_column][vc_column width=&#8221;1\/6&#8243;][\/vc_column][\/vc_row][vc_row][vc_column][vc_separator][\/vc_column][\/vc_row][vc_row][vc_column][vc_basic_grid post_type=&#8221;page&#8221; max_items=&#8221;10&#8243; element_width=&#8221;3&#8243; orderby=&#8221;menu_order&#8221; order=&#8221;ASC&#8221; initial_loading_animation=&#8221;none&#8221; grid_id=&#8221;vc_gid:1733390869498-5c9ed627-a60f-5&#8243; exclude=&#8221;1132, 3, 15251, 616&#8243;][vc_separator][\/vc_column][\/vc_row][vc_row][vc_column][\/vc_column][\/vc_row][vc_row full_width=&#8221;stretch_row_content_no_spaces&#8221;][vc_column][\/vc_column][\/vc_row][vc_row][vc_column width=&#8221;1\/6&#8243;][\/vc_column][vc_column width=&#8221;2\/3&#8243;][\/vc_column][vc_column width=&#8221;1\/6&#8243;][\/vc_column][\/vc_row][vc_row][vc_column][vc_gmaps link=&#8221;#E-8_JTNDaWZyYW1lJTIwc3JjJTNEJTIyaHR0cHMlM0ElMkYlMkZ3d3cuZ29vZ2xlLmNvbSUyRm1hcHMlMkZlbWJlZCUzRnBiJTNEJTIxMW0xOCUyMTFtMTIlMjExbTMlMjExZDk3NjguODQ3NDQ4NTgyMjMlMjEyZDcuNjE5MjkyNzc2MzU0NDE1JTIxM2Q1Mi4yNTc2OTc3MDEzNjcyJTIxMm0zJTIxMWYwJTIxMmYwJTIxM2YwJTIxM20yJTIxMWkxMDI0JTIxMmk3NjglMjE0ZjEzLjElMjEzbTMlMjExbTIlMjExczB4NDdiOWNmYjc0Y2MxZjc5NSUyNTNBMHgzOTk1ZTc0YzFhYWYwZjMxJTIxMnNadXIlMjUyMFBvc3QlMjE1ZTAlMjEzbTIlMjExc2RlJTIxMnNkZSUyMTR2MTU3OTI3NTQ5NTcwNiUyMTVtMiUyMTFzZGUlMjEyc2RlJTIyJTIwZnJhbWVib3JkZXIlM0QlMjIwJTIyJTIwc3R5bGUlM0QlMjJoZWlnaHQlM0ElMjA0NTBweCUzQiUyMHdpZHRoJTNBJTIwMTAwJTI1JTNCJTIwYm9yZGVyJTNBMCUzQiUyMiUyMGFsbG93ZnVsbHNjcmVlbiUzRCUyMiUyMiUzRSUzQyUyRmlmcmFtZSUzRQ==&#8221; size=&#8221;450&#8243;][\/vc_column][vc_column][\/vc_column][\/vc_row]<\/p>\n","protected":false},"author":2,"featured_media":17347,"parent":0,"menu_order":0,"comment_status":"closed","ping_status":"closed","template":"","meta":{"_acf_changed":false,"footnotes":""},"class_list":["post-16311","page","type-page","status-publish","has-post-thumbnail","hentry"],"acf":[],"_links":{"self":[{"href":"https:\/\/www.hotelzurpost-riesenbeck.de\/fr\/wp-json\/wp\/v2\/pages\/16311","targetHints":{"allow":["GET"]}}],"collection":[{"href":"https:\/\/www.hotelzurpost-riesenbeck.de\/fr\/wp-json\/wp\/v2\/pages"}],"about":[{"href":"https:\/\/www.hotelzurpost-riesenbeck.de\/fr\/wp-json\/wp\/v2\/types\/page"}],"author":[{"embeddable":true,"href":"https:\/\/www.hotelzurpost-riesenbeck.de\/fr\/wp-json\/wp\/v2\/users\/2"}],"replies":[{"embeddable":true,"href":"https:\/\/www.hotelzurpost-riesenbeck.de\/fr\/wp-json\/wp\/v2\/comments?post=16311"}],"version-history":[{"count":13,"href":"https:\/\/www.hotelzurpost-riesenbeck.de\/fr\/wp-json\/wp\/v2\/pages\/16311\/revisions"}],"predecessor-version":[{"id":18011,"href":"https:\/\/www.hotelzurpost-riesenbeck.de\/fr\/wp-json\/wp\/v2\/pages\/16311\/revisions\/18011"}],"wp:featuredmedia":[{"embeddable":true,"href":"https:\/\/www.hotelzurpost-riesenbeck.de\/fr\/wp-json\/wp\/v2\/media\/17347"}],"wp:attachment":[{"href":"https:\/\/www.hotelzurpost-riesenbeck.de\/fr\/wp-json\/wp\/v2\/media?parent=16311"}],"curies":[{"name":"wp","href":"https:\/\/api.w.org\/{rel}","templated":true}]}}