{"id":16322,"date":"2021-07-14T11:50:13","date_gmt":"2021-07-14T09:50:13","guid":{"rendered":"https:\/\/www.hotelzurpost-riesenbeck.de\/?page_id=16322"},"modified":"2026-04-04T16:57:33","modified_gmt":"2026-04-04T14:57:33","slug":"restaurants-bars","status":"publish","type":"page","link":"https:\/\/www.hotelzurpost-riesenbeck.de\/fr\/restaurants-bars\/","title":{"rendered":"Restaurants &#038; Bars"},"content":{"rendered":"<section class=\"wpb-content-wrapper\"><p>[vc_row full_width=&#8221;stretch_row_content_no_spaces&#8221; css=&#8221;.vc_custom_1596907006856{padding-top: 150px !important;padding-bottom: 150px !important;background-image: url(https:\/\/www.hotelzurpost-riesenbeck.de\/wp-content\/uploads\/Hotel_Post_Riesenbck14_Restaurantbar_1.jpg?id=15983) !important;background-position: center !important;background-repeat: no-repeat !important;background-size: cover !important;}&#8221;][vc_column]<div  class=\"main-heading\"><span class=\"subtitle\" style=\"font-size:14px;color:rgba(255,255,255,0.79);\"><\/span><h2 class=\"title\" style=\"font-size:40px;color:#ffffff;\">Restaurants &amp; Bars<\/h2><\/div>[\/vc_column][\/vc_row][vc_row][vc_column]<div  class=\"empty-space  marg-lg-b150 marg-xs-b50\"><\/div><div  class=\"main-heading\"><span class=\"subtitle\"><\/span><h2 class=\"title\">Nos d\u00e9licieux plats actuels en un coup d&#039;\u0153il.<\/h2><\/div><div  class=\"empty-space  marg-lg-b50 marg-xs-b50\"><\/div><div class=\"text-center\"><a  class=\"btn btn--md btn--normal\" href=\"https:\/\/www.hotelzurpost-riesenbeck.de\/wp-content\/uploads\/Speisekarte_Getraenke_Speisen_260404.pdf\" title=\"button\" target=\"_self\" style=\" font-size:18px; padding-top:15px; padding-left:60px; padding-bottom:15px; padding-right:60px;\">Download<\/a><\/div>[\/vc_column][\/vc_row][vc_row full_width=&#8221;stretch_row_content_no_spaces&#8221;][vc_column]<div  class=\"empty-space  marg-lg-b100\"><\/div><div  class=\"hb-text-block__wrapper style2\"><div class=\"row\"><div class=\"col-md-6\"><div class=\"hb-text_block_content\"><div class=\"hb-text-block___inner_wrapper text-right\"><div class=\"featured-rooms-slider__title title-color-black\">Pub Westphalien<\/div><div class=\"featured-rooms-slider__text content-color-grey\"><\/p>\n<p class=\"p1\">Retrouvez vos amis dans l&#8217;ancienne auberge autour d&#8217;un verre de vin ou d&#8217;une bi\u00e8re. D\u00e9tendez-vous apr\u00e8s une longue journ\u00e9e pr\u00e8s de la chemin\u00e9e cr\u00e9pitante et profitez de l&#8217;atmosph\u00e8re d&#8217;un pub typique et soign\u00e9 du M\u00fcnsterland. Nous sommes heureux de vous servir des plats avec lesquels vous pourrez d\u00e9couvrir la cuisine r\u00e9gionale.<\/p>\n<p><\/div><a class=\"btn btn--md btn--normal\" href=\"https:\/\/www.hotelzurpost-riesenbeck.de\/fr\/formulaire-de-contact\/\" title=\"Kontakt\" target=\"_self\">Contact<\/a><\/div><\/div><\/div><div class=\"col-md-6\"><div class=\"hb-image__block\"><img decoding=\"async\" src=\"https:\/\/www.hotelzurpost-riesenbeck.de\/wp-content\/uploads\/Prio_Eckbank.jpeg\" alt=\"\" \/><\/div><\/div><\/div><\/div>[\/vc_column][\/vc_row][vc_row full_width=&#8221;stretch_row_content_no_spaces&#8221;][vc_column]<div  class=\"hb-text-block__wrapper style1\" style=\"background-color:#f2f2f2;\"><div class=\"row\"><div class=\"col-md-6\"><div class=\"hb-image__block\"><img decoding=\"async\" src=\"https:\/\/www.hotelzurpost-riesenbeck.de\/wp-content\/uploads\/Restaurant_neu_2.jpg\" alt=\"\" \/><\/div><\/div><div class=\"col-md-6\"><div class=\"hb-text_block_content\"><div class=\"hb-text-block___inner_wrapper\"><div class=\"featured-rooms-slider__title title-color-black\">Le Restaurant<\/div><div class=\"featured-rooms-slider__text content-color-grey\"><\/p>\n<p class=\"p1\">Les traditions du M\u00fcnsterland influencent notre art culinaire ainsi que la cuisine internationale moderne. Le bistrot vous offre un cadre privil\u00e9gi\u00e9 pour d\u00e9couvrir nos cr\u00e9ations culinaires. Avec des lettres et des \u0153uvres de Picasso, Dali et Miro, vous pouvez profiter d&#8217;une ambiance unique avec la chemin\u00e9e en pierre naturelle et la fa\u00e7ade panoramique de notre jardin de platanes, que nous sommes heureux d&#8217;ouvrir en \u00e9t\u00e9.<\/p>\n<p><\/div><a class=\"btn btn--md btn--normal\" href=\"https:\/\/www.hotelzurpost-riesenbeck.de\/it\/contact-formulier\/\" title=\"Kontakt\" target=\"_self\">Contact<\/a><\/div><\/div><\/div><\/div><\/div>[\/vc_column][\/vc_row][vc_row full_width=&#8221;stretch_row_content_no_spaces&#8221;][vc_column]<div  class=\"hb-text-block__wrapper style2\"><div class=\"row\"><div class=\"col-md-6\"><div class=\"hb-text_block_content\"><div class=\"hb-text-block___inner_wrapper text-right\"><div class=\"featured-rooms-slider__title title-color-black\">Le bar<\/div><div class=\"featured-rooms-slider__text content-color-grey\"><\/p>\n<p class=\"p1\">Le bar vous emm\u00e8ne dans un monde vou\u00e9 aux bonnes boissons, aux bois pr\u00e9cieux et aux lettres de personnalit\u00e9s c\u00e9l\u00e8bres. Entrez dans une \u00e9poque r\u00e9volue et laissez-vous inspirer par notre bar. La collection et la pr\u00e9sentation des lettres sont uniques. Notre barman se fera un plaisir de vous raconter les histoires qui se cachent derri\u00e8re les lettres de personnalit\u00e9s telles que Marilyn Monroe, Heinz R\u00fchmann ou Elvis Presley.<\/p>\n<p><\/div><a class=\"btn btn--md btn--normal\" href=\"https:\/\/www.hotelzurpost-riesenbeck.de\/fr\/formulaire-de-contact\/\" title=\"Kontakt\" target=\"_self\">Contact<\/a><\/div><\/div><\/div><div class=\"col-md-6\"><div class=\"hb-image__block\"><img decoding=\"async\" src=\"https:\/\/www.hotelzurpost-riesenbeck.de\/wp-content\/uploads\/Bar_1-1.jpg\" alt=\"\" \/><\/div><\/div><\/div><\/div>[\/vc_column][\/vc_row][vc_row full_width=&#8221;stretch_row_content_no_spaces&#8221;][vc_column]<div  class=\"hb-text-block__wrapper style1\" style=\"background-color:#f2f2f2;\"><div class=\"row\"><div class=\"col-md-6\"><div class=\"hb-image__block\"><img decoding=\"async\" src=\"https:\/\/www.hotelzurpost-riesenbeck.de\/wp-content\/uploads\/Kaminofen_Bar-1.jpg\" alt=\"\" \/><\/div><\/div><div class=\"col-md-6\"><div class=\"hb-text_block_content\"><div class=\"hb-text-block___inner_wrapper\"><div class=\"featured-rooms-slider__title title-color-black\">Salle de la chemin\u00e9e<\/div><div class=\"featured-rooms-slider__text content-color-grey\"><\/p>\n<p class=\"p1\">Notre salle de la chemin\u00e9e est l\u00b4endroit id\u00e9al pour une petite f\u00eate jusqu&#8217;\u00e0 14 personnes. Vous pouvez accueillir vos invit\u00e9s avec un verre de cr\u00e9mant ou un cocktail juste \u00e0 c\u00f4t\u00e9 du bar de l&#8217;h\u00f4tel. Apr\u00e8s le d\u00eener, vous pouvez utiliser notre bowling, s\u00e9par\u00e9 par un mur coulissant, pour la partie conviviale de la soir\u00e9e. La salle de la chemin\u00e9e devient alors pour vous une salle club. Un endroit tr\u00e8s sp\u00e9cial pour vos prochaines festivit\u00e9s.<\/p>\n<p><\/div><a class=\"btn btn--md btn--normal\" href=\"https:\/\/www.hotelzurpost-riesenbeck.de\/fr\/formulaire-de-contact\/\" title=\"Kontakt\" target=\"_self\">Contact<\/a><\/div><\/div><\/div><\/div><\/div>[\/vc_column][\/vc_row][vc_row full_width=&#8221;stretch_row_content_no_spaces&#8221;][vc_column]<div  class=\"hb-text-block__wrapper style2\"><div class=\"row\"><div class=\"col-md-6\"><div class=\"hb-text_block_content\"><div class=\"hb-text-block___inner_wrapper text-right\"><div class=\"featured-rooms-slider__title title-color-black\">Arts Culinaires<\/div><div class=\"featured-rooms-slider__text content-color-grey\"><\/p>\n<p class=\"p1\">La cuisine de l&#8217;Hotel zur Post porte une empreinte claire. Nous utilisons seulement des aliments frais et naturels, principalement de la r\u00e9gion. Nous valorisons une cuisine du terroir, authentique et de saison et vous proposons un m\u00e9lange de plats modernes et classiques, de sp\u00e9cialit\u00e9s westphaliennes et de standards internationaux. Nous suivons toujours la devise \u00ab\u00a0manger sainement et appr\u00e9cier\u00a0\u00bb.<\/p>\n<p><\/div><a class=\"btn btn--md btn--normal\" href=\"https:\/\/www.hotelzurpost-riesenbeck.de\/fr\/formulaire-de-contact\/\" title=\"Kontakt\" target=\"_self\">Contact<\/a><\/div><\/div><\/div><div class=\"col-md-6\"><div class=\"hb-image__block\"><img decoding=\"async\" src=\"https:\/\/www.hotelzurpost-riesenbeck.de\/wp-content\/uploads\/Zuccini_Teller.jpg\" alt=\"\" \/><\/div><\/div><\/div><\/div>[\/vc_column][\/vc_row][vc_row][vc_column width=&#8221;1\/6&#8243;][\/vc_column][vc_column width=&#8221;2\/3&#8243;]<div  class=\"empty-space  marg-lg-b100\"><\/div><div  class=\"block mb-0 block--image-gallery\"><h2 class=\"block__title\">Impressionen<\/h2><div class=\"block__content\"><div class=\"image-gallery\"><div class=\"image-gallery__main\"><div class=\"image-gallery__item\"><img decoding=\"async\" src=\"https:\/\/www.hotelzurpost-riesenbeck.de\/wp-content\/uploads\/Hotel_Post_Riesenbck28_1-748x400.jpg\" alt=\"\"><\/div><div class=\"image-gallery__item\"><img decoding=\"async\" src=\"https:\/\/www.hotelzurpost-riesenbeck.de\/wp-content\/uploads\/Hotel_Post_Riesenbck21_1-748x400.jpg\" alt=\"\"><\/div><div class=\"image-gallery__item\"><img decoding=\"async\" src=\"https:\/\/www.hotelzurpost-riesenbeck.de\/wp-content\/uploads\/Hotel_Post_Riesenbck4_1-748x400.jpg\" alt=\"\"><\/div><div class=\"image-gallery__item\"><img decoding=\"async\" src=\"https:\/\/www.hotelzurpost-riesenbeck.de\/wp-content\/uploads\/Hotel_Post_Riesenbck24_1-1.jpg\" alt=\"\"><\/div><div class=\"image-gallery__item\"><img decoding=\"async\" src=\"https:\/\/www.hotelzurpost-riesenbeck.de\/wp-content\/uploads\/Hotel_Post_Riesenbck18_1-1.jpg\" alt=\"\"><\/div><\/div><ul class=\"image-gallery__thumbs\"><li class=\"image-gallery__thumb\"><button class=\"image-gallery__button\"><img decoding=\"async\" src=\"https:\/\/www.hotelzurpost-riesenbeck.de\/wp-content\/uploads\/Hotel_Post_Riesenbck28_1-178x95.jpg\" alt=\"\"><\/button><\/li><li class=\"image-gallery__thumb\"><button class=\"image-gallery__button\"><img decoding=\"async\" src=\"https:\/\/www.hotelzurpost-riesenbeck.de\/wp-content\/uploads\/Hotel_Post_Riesenbck21_1-178x95.jpg\" alt=\"\"><\/button><\/li><li class=\"image-gallery__thumb\"><button class=\"image-gallery__button\"><img decoding=\"async\" src=\"https:\/\/www.hotelzurpost-riesenbeck.de\/wp-content\/uploads\/Hotel_Post_Riesenbck4_1-178x95.jpg\" alt=\"\"><\/button><\/li><li class=\"image-gallery__thumb\"><button class=\"image-gallery__button\"><img decoding=\"async\" src=\"https:\/\/www.hotelzurpost-riesenbeck.de\/wp-content\/uploads\/Hotel_Post_Riesenbck24_1-1-178x95.jpg\" alt=\"\"><\/button><\/li><li class=\"image-gallery__thumb\"><button class=\"image-gallery__button\"><img decoding=\"async\" src=\"https:\/\/www.hotelzurpost-riesenbeck.de\/wp-content\/uploads\/Hotel_Post_Riesenbck18_1-1-178x95.jpg\" alt=\"\"><\/button><\/li><\/ul><\/div><\/div><\/div><div  class=\"empty-space  marg-lg-b80\"><\/div>[\/vc_column][vc_column width=&#8221;1\/6&#8243;][\/vc_column][\/vc_row]<\/p><\/section>","protected":false},"excerpt":{"rendered":"<p>[vc_row full_width=&#8221;stretch_row_content_no_spaces&#8221; css=&#8221;.vc_custom_1596907006856{padding-top: 150px !important;padding-bottom: 150px !important;background-image: url(https:\/\/www.hotelzurpost-riesenbeck.de\/wp-content\/uploads\/Hotel_Post_Riesenbck14_Restaurantbar_1.jpg?id=15983) !important;background-position: center !important;background-repeat: no-repeat !important;background-size: cover !important;}&#8221;][vc_column][\/vc_column][\/vc_row][vc_row][vc_column][\/vc_column][\/vc_row][vc_row full_width=&#8221;stretch_row_content_no_spaces&#8221;][vc_column][\/vc_column][\/vc_row][vc_row full_width=&#8221;stretch_row_content_no_spaces&#8221;][vc_column][\/vc_column][\/vc_row][vc_row full_width=&#8221;stretch_row_content_no_spaces&#8221;][vc_column][\/vc_column][\/vc_row][vc_row full_width=&#8221;stretch_row_content_no_spaces&#8221;][vc_column][\/vc_column][\/vc_row][vc_row full_width=&#8221;stretch_row_content_no_spaces&#8221;][vc_column][\/vc_column][\/vc_row][vc_row][vc_column width=&#8221;1\/6&#8243;][\/vc_column][vc_column width=&#8221;2\/3&#8243;][\/vc_column][vc_column width=&#8221;1\/6&#8243;][\/vc_column][\/vc_row]<\/p>\n","protected":false},"author":2,"featured_media":17994,"parent":0,"menu_order":0,"comment_status":"closed","ping_status":"closed","template":"","meta":{"_acf_changed":false,"footnotes":""},"class_list":["post-16322","page","type-page","status-publish","has-post-thumbnail","hentry"],"acf":[],"_links":{"self":[{"href":"https:\/\/www.hotelzurpost-riesenbeck.de\/fr\/wp-json\/wp\/v2\/pages\/16322","targetHints":{"allow":["GET"]}}],"collection":[{"href":"https:\/\/www.hotelzurpost-riesenbeck.de\/fr\/wp-json\/wp\/v2\/pages"}],"about":[{"href":"https:\/\/www.hotelzurpost-riesenbeck.de\/fr\/wp-json\/wp\/v2\/types\/page"}],"author":[{"embeddable":true,"href":"https:\/\/www.hotelzurpost-riesenbeck.de\/fr\/wp-json\/wp\/v2\/users\/2"}],"replies":[{"embeddable":true,"href":"https:\/\/www.hotelzurpost-riesenbeck.de\/fr\/wp-json\/wp\/v2\/comments?post=16322"}],"version-history":[{"count":51,"href":"https:\/\/www.hotelzurpost-riesenbeck.de\/fr\/wp-json\/wp\/v2\/pages\/16322\/revisions"}],"predecessor-version":[{"id":18244,"href":"https:\/\/www.hotelzurpost-riesenbeck.de\/fr\/wp-json\/wp\/v2\/pages\/16322\/revisions\/18244"}],"wp:featuredmedia":[{"embeddable":true,"href":"https:\/\/www.hotelzurpost-riesenbeck.de\/fr\/wp-json\/wp\/v2\/media\/17994"}],"wp:attachment":[{"href":"https:\/\/www.hotelzurpost-riesenbeck.de\/fr\/wp-json\/wp\/v2\/media?parent=16322"}],"curies":[{"name":"wp","href":"https:\/\/api.w.org\/{rel}","templated":true}]}}