{"id":16341,"date":"2021-07-14T12:04:42","date_gmt":"2021-07-14T10:04:42","guid":{"rendered":"https:\/\/www.hotelzurpost-riesenbeck.de\/?page_id=16341"},"modified":"2022-04-11T12:25:34","modified_gmt":"2022-04-11T10:25:34","slug":"evenements","status":"publish","type":"page","link":"https:\/\/www.hotelzurpost-riesenbeck.de\/fr\/evenements\/","title":{"rendered":"\u00c9v\u00e9nements"},"content":{"rendered":"<section class=\"wpb-content-wrapper\"><p>[vc_row full_width=&#8221;stretch_row_content_no_spaces&#8221; css=&#8221;.vc_custom_1580728009292{padding-top: 150px !important;padding-bottom: 150px !important;background-image: url(https:\/\/www.hotelzurpost-riesenbeck.de\/wp-content\/uploads\/header_schmal_unterseiten_Veranstaltung.jpg?id=15571) !important;background-position: center !important;background-repeat: no-repeat !important;background-size: cover !important;}&#8221;][vc_column]<div  class=\"main-heading\"><span class=\"subtitle\" style=\"font-size:14px;color:rgba(255,255,255,0.79);\"><\/span><h2 class=\"title\" style=\"font-size:40px;color:#ffffff;\">R\u00e9unions et \u00e9v\u00e9nements<\/h2><\/div>[\/vc_column][\/vc_row][vc_row][vc_column]<div  class=\"empty-space  marg-lg-b100\"><\/div><h1  class=\"special-text\" style=\" font-weight:300;\"><p class=\"p1\" style=\"text-align: center;\">Particulier et entreprise<span class=\"Apple-converted-space\">\u00a0<\/span><\/p>\n<\/h1>[\/vc_column][\/vc_row][vc_row][vc_column width=&#8221;1\/6&#8243;][\/vc_column][vc_column width=&#8221;2\/3&#8243;]<div class=\"text-block \" ><div class=\"simple-text \"><p class=\"p1\" style=\"text-align: center;\">Dans l&#8217;h\u00f4tel 4 \u00e9toiles zur Post \u00e0 Riesenbeck, vous trouverez les chambres adapt\u00e9es \u00e0 chaque occasion. Notre belle et \u00e9l\u00e9gante ambiance vous inspirera. Des mat\u00e9riaux de qualit\u00e9 et des pi\u00e8ces bien pens\u00e9es cr\u00e9ent une atmosph\u00e8re dans laquelle vous vous sentirez \u00e0 l&#8217;aise. Venez le constater par vous-m\u00eame, nous nous ferons un plaisir de vous conseiller et d&#8217;organiser avec vous l&#8217;\u00e9v\u00e9nement id\u00e9al. Notre rapport qualit\u00e9-prix vous surprendra.<\/p>\n<\/div><\/div>[\/vc_column][vc_column width=&#8221;1\/6&#8243;][\/vc_column][\/vc_row][vc_row full_width=&#8221;stretch_row_content_no_spaces&#8221;][vc_column]<div  class=\"empty-space  marg-lg-b100\"><\/div><div  class=\"hb-text-block__wrapper style1\"><div class=\"row\"><div class=\"col-md-6\"><div class=\"hb-image__block\"><img decoding=\"async\" src=\"https:\/\/www.hotelzurpost-riesenbeck.de\/wp-content\/uploads\/Familienfeier.jpg\" alt=\"\" \/><\/div><\/div><div class=\"col-md-6\"><div class=\"hb-text_block_content\"><div class=\"hb-text-block___inner_wrapper\"><div class=\"featured-rooms-slider__title title-color-black\">F\u00eates de famille<\/div><div class=\"featured-rooms-slider__text content-color-grey\"><\/p>\n<p class=\"p1\">Que ce soit pour un bapt\u00eame ou une communion, pour un anniversaire ou un jubil\u00e9 &#8211; l&#8217;H\u00f4tel zur Post offre le cadre id\u00e9al pour chaque \u00e9v\u00e8nement. Les salons de haute qualit\u00e9 et l&#8217;excellente cuisine sont la garantie pour une belle f\u00eate. L&#8217;Hotel zur Post vous offre de nombreuses possibilit\u00e9s. Vous avez donc le choix entre un d\u00eener festif autour d&#8217;une table ronde, une soir\u00e9e cosy au restaurant westphalien ou un d\u00eener club suivi d&#8217;un bowling. Dans tous les cas, votre \u00e9v\u00e8nement sera une exp\u00e9rience inoubliable pour vous et vos invit\u00e9s.<\/p>\n<p><\/div><a class=\"btn btn--md btn--normal\" href=\"https:\/\/www.hotelzurpost-riesenbeck.de\/fr\/formulaire-de-contact\/\" title=\"Kontakt\" target=\"_self\">Contact<\/a><\/div><\/div><\/div><\/div><\/div>[\/vc_column][\/vc_row][vc_row full_width=&#8221;stretch_row_content_no_spaces&#8221;][vc_column]<div  class=\"hb-text-block__wrapper style2\"><div class=\"row\"><div class=\"col-md-6\"><div class=\"hb-text_block_content\"><div class=\"hb-text-block___inner_wrapper text-right\"><div class=\"featured-rooms-slider__title title-color-black\">Mariages<\/div><div class=\"featured-rooms-slider__text content-color-grey\"><\/p>\n<p class=\"p1\">C\u00e9l\u00e9brez votre plus beau jour \u00e0 l&#8217;H\u00f4tel Zur Post et passez des moments inoubliables avec votre famille et vos amis. La salle de bal est parfaitement adapt\u00e9e pour une f\u00eate somptueuse. Avec le bar attenant et la salle de la chemin\u00e9e, vous pouvez cr\u00e9er une soir\u00e9e diversifi\u00e9e. Nos chambres d&#8217;h\u00f4tes sont \u00e0 votre disposition en exclusivit\u00e9. Nous pouvons modifier la salle de bal \u00e0 la taille souhait\u00e9e pour votre f\u00eate et la rendre festive. Planifions votre mariage ensemble\u00a0! Nous satisfaisons tous vos souhaits.<\/p>\n<p><\/div><a class=\"btn btn--md btn--normal\" href=\"https:\/\/www.hotelzurpost-riesenbeck.de\/fr\/formulaire-de-contact\/\" title=\"Kontakt\" target=\"_self\">Contact<\/a><\/div><\/div><\/div><div class=\"col-md-6\"><div class=\"hb-image__block\"><img decoding=\"async\" src=\"https:\/\/www.hotelzurpost-riesenbeck.de\/wp-content\/uploads\/Hochzeit.jpg\" alt=\"\" \/><\/div><\/div><\/div><\/div>[\/vc_column][\/vc_row][vc_row][vc_column width=&#8221;1\/6&#8243;][\/vc_column][vc_column width=&#8221;2\/3&#8243;]<div  class=\"empty-space  marg-lg-b100\"><\/div><div  class=\"block mb-0 block--image-gallery\"><h2 class=\"block__title\">F\u00eates de c\u00e9l\u00e9bration<\/h2><div class=\"block__content\"><div class=\"image-gallery\"><div class=\"image-gallery__main\"><div class=\"image-gallery__item\"><img decoding=\"async\" src=\"https:\/\/www.hotelzurpost-riesenbeck.de\/wp-content\/uploads\/Hochzeit-748x400.jpg\" alt=\"\"><\/div><div class=\"image-gallery__item\"><img decoding=\"async\" src=\"https:\/\/www.hotelzurpost-riesenbeck.de\/wp-content\/uploads\/Sliderbilder_Tischdeko-748x400.jpg\" alt=\"\"><\/div><div class=\"image-gallery__item\"><img decoding=\"async\" src=\"https:\/\/www.hotelzurpost-riesenbeck.de\/wp-content\/uploads\/Bar_1-748x400.jpg\" alt=\"\"><\/div><div class=\"image-gallery__item\"><img decoding=\"async\" src=\"https:\/\/www.hotelzurpost-riesenbeck.de\/wp-content\/uploads\/Sliderbilder_Sekt-748x400.jpg\" alt=\"\"><\/div><div class=\"image-gallery__item\"><img decoding=\"async\" src=\"https:\/\/www.hotelzurpost-riesenbeck.de\/wp-content\/uploads\/Sliderbilder_Kamin_Hirsch_g-748x400.jpg\" alt=\"\"><\/div><\/div><ul class=\"image-gallery__thumbs\"><li class=\"image-gallery__thumb\"><button class=\"image-gallery__button\"><img decoding=\"async\" src=\"https:\/\/www.hotelzurpost-riesenbeck.de\/wp-content\/uploads\/Hochzeit-178x95.jpg\" alt=\"\"><\/button><\/li><li class=\"image-gallery__thumb\"><button class=\"image-gallery__button\"><img decoding=\"async\" src=\"https:\/\/www.hotelzurpost-riesenbeck.de\/wp-content\/uploads\/Sliderbilder_Tischdeko-178x95.jpg\" alt=\"\"><\/button><\/li><li class=\"image-gallery__thumb\"><button class=\"image-gallery__button\"><img decoding=\"async\" src=\"https:\/\/www.hotelzurpost-riesenbeck.de\/wp-content\/uploads\/Bar_1-178x95.jpg\" alt=\"\"><\/button><\/li><li class=\"image-gallery__thumb\"><button class=\"image-gallery__button\"><img decoding=\"async\" src=\"https:\/\/www.hotelzurpost-riesenbeck.de\/wp-content\/uploads\/Sliderbilder_Sekt-178x95.jpg\" alt=\"\"><\/button><\/li><li class=\"image-gallery__thumb\"><button class=\"image-gallery__button\"><img decoding=\"async\" src=\"https:\/\/www.hotelzurpost-riesenbeck.de\/wp-content\/uploads\/Sliderbilder_Kamin_Hirsch_g-178x95.jpg\" alt=\"\"><\/button><\/li><\/ul><\/div><\/div><\/div><div  class=\"empty-space  marg-lg-b100\"><\/div>[\/vc_column][vc_column width=&#8221;1\/6&#8243;][\/vc_column][\/vc_row][vc_row full_width=&#8221;stretch_row_content_no_spaces&#8221;][vc_column]<div  class=\"hb-text-block__wrapper style1\"><div class=\"row\"><div class=\"col-md-6\"><div class=\"hb-image__block\"><img decoding=\"async\" src=\"https:\/\/www.hotelzurpost-riesenbeck.de\/wp-content\/uploads\/Konferenz.jpg\" alt=\"\" \/><\/div><\/div><div class=\"col-md-6\"><div class=\"hb-text_block_content\"><div class=\"hb-text-block___inner_wrapper\"><div class=\"featured-rooms-slider__title title-color-black\">Conf\u00e9rences &amp; s\u00e9minaires<\/div><div class=\"featured-rooms-slider__text content-color-grey\"><\/p>\n<p class=\"p1\">Qu&#8217;il s&#8217;agisse d&#8217;un workshop, d&#8217;une formation ou d&#8217;une r\u00e9union de personnel, l&#8217;Hotel zur Post est toujours le bon choix\u00a0: Des r\u00e9unions avec pr\u00e9voyance, des s\u00e9minaires avec un objectif clair et de la cr\u00e9ativit\u00e9.<\/p>\n<p class=\"p1\">Notre \u00e9quipe \u00e9v\u00e9nementielle exp\u00e9riment\u00e9e veille \u00e0 ce que tout se passe bien et de mani\u00e8re professionnelle. Nous pouvons vous proposer des espaces modulables et un agencement de salle pouvant accueillir jusqu&#8217;\u00e0 200 participants. L&#8217;Hotel zur Post est \u00e9quip\u00e9 de la technologie multim\u00e9dia la plus moderne. Veuillez contacter notre gestionnaire d&#8217;\u00e9v\u00e9nements. Nous serons heureux de vous faire une proposition et une offre sans engagement.<\/p>\n<p><\/div><a class=\"btn btn--md btn--normal\" href=\"https:\/\/www.hotelzurpost-riesenbeck.de\/fr\/formulaire-de-contact\/\" title=\"Kontakt\" target=\"_self\">Contact<\/a><\/div><\/div><\/div><\/div><\/div>[\/vc_column][\/vc_row][vc_row][vc_column]<div  class=\"empty-space  marg-lg-b100\"><\/div>[\/vc_column][\/vc_row]<\/p><\/section>","protected":false},"excerpt":{"rendered":"<p>[vc_row full_width=&#8221;stretch_row_content_no_spaces&#8221; css=&#8221;.vc_custom_1580728009292{padding-top: 150px !important;padding-bottom: 150px !important;background-image: url(https:\/\/www.hotelzurpost-riesenbeck.de\/wp-content\/uploads\/header_schmal_unterseiten_Veranstaltung.jpg?id=15571) !important;background-position: center !important;background-repeat: no-repeat !important;background-size: cover !important;}&#8221;][vc_column][\/vc_column][\/vc_row][vc_row][vc_column][\/vc_column][\/vc_row][vc_row][vc_column width=&#8221;1\/6&#8243;][\/vc_column][vc_column width=&#8221;2\/3&#8243;][\/vc_column][vc_column width=&#8221;1\/6&#8243;][\/vc_column][\/vc_row][vc_row full_width=&#8221;stretch_row_content_no_spaces&#8221;][vc_column][\/vc_column][\/vc_row][vc_row full_width=&#8221;stretch_row_content_no_spaces&#8221;][vc_column][\/vc_column][\/vc_row][vc_row][vc_column width=&#8221;1\/6&#8243;][\/vc_column][vc_column width=&#8221;2\/3&#8243;][\/vc_column][vc_column width=&#8221;1\/6&#8243;][\/vc_column][\/vc_row][vc_row full_width=&#8221;stretch_row_content_no_spaces&#8221;][vc_column][\/vc_column][\/vc_row][vc_row][vc_column][\/vc_column][\/vc_row]<\/p>\n","protected":false},"author":2,"featured_media":16872,"parent":0,"menu_order":0,"comment_status":"closed","ping_status":"closed","template":"","meta":{"_acf_changed":false,"footnotes":""},"class_list":["post-16341","page","type-page","status-publish","has-post-thumbnail","hentry"],"acf":[],"_links":{"self":[{"href":"https:\/\/www.hotelzurpost-riesenbeck.de\/fr\/wp-json\/wp\/v2\/pages\/16341","targetHints":{"allow":["GET"]}}],"collection":[{"href":"https:\/\/www.hotelzurpost-riesenbeck.de\/fr\/wp-json\/wp\/v2\/pages"}],"about":[{"href":"https:\/\/www.hotelzurpost-riesenbeck.de\/fr\/wp-json\/wp\/v2\/types\/page"}],"author":[{"embeddable":true,"href":"https:\/\/www.hotelzurpost-riesenbeck.de\/fr\/wp-json\/wp\/v2\/users\/2"}],"replies":[{"embeddable":true,"href":"https:\/\/www.hotelzurpost-riesenbeck.de\/fr\/wp-json\/wp\/v2\/comments?post=16341"}],"version-history":[{"count":16,"href":"https:\/\/www.hotelzurpost-riesenbeck.de\/fr\/wp-json\/wp\/v2\/pages\/16341\/revisions"}],"predecessor-version":[{"id":17531,"href":"https:\/\/www.hotelzurpost-riesenbeck.de\/fr\/wp-json\/wp\/v2\/pages\/16341\/revisions\/17531"}],"wp:featuredmedia":[{"embeddable":true,"href":"https:\/\/www.hotelzurpost-riesenbeck.de\/fr\/wp-json\/wp\/v2\/media\/16872"}],"wp:attachment":[{"href":"https:\/\/www.hotelzurpost-riesenbeck.de\/fr\/wp-json\/wp\/v2\/media?parent=16341"}],"curies":[{"name":"wp","href":"https:\/\/api.w.org\/{rel}","templated":true}]}}