{"id":16356,"date":"2021-07-14T12:15:36","date_gmt":"2021-07-14T10:15:36","guid":{"rendered":"https:\/\/www.hotelzurpost-riesenbeck.de\/?page_id=16356"},"modified":"2022-04-11T11:12:24","modified_gmt":"2022-04-11T09:12:24","slug":"wellness","status":"publish","type":"page","link":"https:\/\/www.hotelzurpost-riesenbeck.de\/fr\/wellness\/","title":{"rendered":"Wellness"},"content":{"rendered":"<section class=\"wpb-content-wrapper\"><p>[vc_row full_width=&#8221;stretch_row_content_no_spaces&#8221; css=&#8221;.vc_custom_1580721748683{padding-top: 150px !important;padding-bottom: 150px !important;background-image: url(https:\/\/www.hotelzurpost-riesenbeck.de\/wp-content\/uploads\/header_wellness.jpg?id=15546) !important;background-position: center !important;background-repeat: no-repeat !important;background-size: cover !important;}&#8221;][vc_column]<div  class=\"main-heading\"><span class=\"subtitle\" style=\"font-size:14px;color:rgba(255,255,255,0.79);\"><\/span><h2 class=\"title\" style=\"font-size:40px;color:#ffffff;\">Wellness<\/h2><\/div>[\/vc_column][\/vc_row][vc_row disable_element=&#8221;yes&#8221;][vc_column width=&#8221;1\/6&#8243;][\/vc_column][vc_column width=&#8221;2\/3&#8243;]<div  class=\"empty-space  marg-lg-b100 marg-xs-b50\"><\/div><div class=\"text-block \" ><div class=\"simple-text \"><h1 style=\"text-align: center;\">Headline<\/h1>\n<\/div><\/div><div class=\"text-block \" ><div class=\"simple-text \"><p style=\"text-align: center;\">Lorem ipsum dolor sit amet, consectetuer adipiscing elit. Aenean commodo ligula eget dolor. Aenean massa. Cum sociis natoque penatibus et magnis dis parturient montes, nascetur ridiculus mus. Donec quam felis, ultricies nec, pellentesque eu, pretium quis, sem. Nulla consequat massa quis enim. Donec pede justo, fringilla vel, aliquet nec, vulputate eget<\/p>\n<\/div><\/div><div  class=\"empty-space  marg-lg-b100\"><\/div>[\/vc_column][vc_column width=&#8221;1\/6&#8243;][\/vc_column][\/vc_row][vc_row][vc_column][vc_separator]<div  class=\"hb-text-block__wrapper style1\"><div class=\"row\"><div class=\"col-md-6\"><div class=\"hb-image__block\"><img decoding=\"async\" src=\"https:\/\/www.hotelzurpost-riesenbeck.de\/wp-content\/uploads\/Sauna.jpg\" alt=\"\" \/><\/div><\/div><div class=\"col-md-6\"><div class=\"hb-text_block_content\"><div class=\"hb-text-block___inner_wrapper\"><div class=\"featured-rooms-slider__title title-color-black\">Sauna<\/div><div class=\"featured-rooms-slider__text content-color-grey\"><\/p>\n<h4 class=\"p1\"><b>Bain de vapeur. D\u00e9tente pure.<\/b><\/h4>\n<p class=\"p1\">Des temp\u00e9ratures d\u00b4environ 50-60\u00b0C et une humidit\u00e9 \u00e9lev\u00e9e assurent une peau belle et souple. Profitez d&#8217;une s\u00e9ance de sauna relaxante dans notre bain de vapeur \u00e0 la turque.<\/p>\n<h4><\/h4>\n<h4 class=\"p1\"><b>Sauna finlandais. Agr\u00e9able et chaud.<\/b><\/h4>\n<p class=\"p1\">Le sauna finlandais avec une temp\u00e9rature allant jusqu&#8217;\u00e0 90 \u00b0 C et une chaleur s\u00e8che renforce votre circulation et les d\u00e9fenses de votre syst\u00e8me immunitaire. Notre sauna dispose d&#8217;un mur en pierre de sel, d&#8217;une luminoth\u00e9rapie et d&#8217;un r\u00e9chauffement du dos.<\/p>\n<p><\/div><\/div><\/div><\/div><\/div><\/div><div class=\"text-block \" ><div class=\"simple-text \"><\/div><\/div>[\/vc_column][\/vc_row][vc_row][vc_column][vc_separator]<div  class=\"hb-text-block__wrapper style2\"><div class=\"row\"><div class=\"col-md-6\"><div class=\"hb-text_block_content\"><div class=\"hb-text-block___inner_wrapper text-right\"><div class=\"featured-rooms-slider__title title-color-black\">Bowling<\/div><div class=\"featured-rooms-slider__text content-color-grey\"><\/p>\n<p class=\"p1\">Le bowling n&#8217;est pas seulement amusant, il exige \u00e9galement de l&#8217;esprit et de l&#8217;agilit\u00e9. M\u00eame si le sport semble pass\u00e9 de mode d\u00e8s que l&#8217;on a os\u00e9 essayer, l&#8217;engouement est vite au rendez-vous. Le bowling est un sport tr\u00e8s sociable avec un divertissement assur\u00e9. Apr\u00e8s le d\u00eener, une partie de bowling peut \u00eatre le point culminant de votre soir\u00e9e. Notre bowling est tr\u00e8s appr\u00e9ci\u00e9 et l\u00b4\u00e9quipement est \u00e0 la pointe de la technologie. En plus d&#8217;un grand nombre de jeux classiques tels que le clearing, le bowling, etc., il propose \u00e9galement des programmes de bowling modernes.<\/p>\n<p><\/div><\/div><\/div><\/div><div class=\"col-md-6\"><div class=\"hb-image__block\"><img decoding=\"async\" src=\"https:\/\/www.hotelzurpost-riesenbeck.de\/wp-content\/uploads\/Keglebahn-1.jpg\" alt=\"\" \/><\/div><\/div><\/div><\/div><div class=\"text-block \" ><div class=\"simple-text \"><\/div><\/div>[\/vc_column][\/vc_row][vc_row][vc_column][vc_separator]<div  class=\"hb-text-block__wrapper style1\"><div class=\"row\"><div class=\"col-md-6\"><div class=\"hb-image__block\"><img decoding=\"async\" src=\"https:\/\/www.hotelzurpost-riesenbeck.de\/wp-content\/uploads\/Gym.jpg\" alt=\"\" \/><\/div><\/div><div class=\"col-md-6\"><div class=\"hb-text_block_content\"><div class=\"hb-text-block___inner_wrapper\"><div class=\"featured-rooms-slider__title title-color-black\">Fitness &amp; Gym<\/div><div class=\"featured-rooms-slider__text content-color-grey\"><\/p>\n<p class=\"p1\">Restez en forme et en bonne sant\u00e9 dans notre salle de sport. Une courte s\u00e9ance d&#8217;entra\u00eenement quotidienne suffit \u00e0 faire du bien. Notre espace fitness est muni d&#8217;\u00e9quipements cardio modernes tels que des v\u00e9los elliptiques et des ergom\u00e8tres (v\u00e9los). Il est r\u00e9serv\u00e9 exclusivement \u00e0 nos clients de l&#8217;h\u00f4tel. Cela vous garantit un haut niveau de confidentialit\u00e9. Apr\u00e8s votre entra\u00eenement, d\u00e9tendez-vous dans le sauna puis faites une pause dans notre salle de repos.<\/p>\n<p><\/div><\/div><\/div><\/div><\/div><\/div><div class=\"text-block \" ><div class=\"simple-text \"><\/div><\/div>[\/vc_column][\/vc_row][vc_row][vc_column]<div class=\"text-block \" ><div class=\"simple-text \"><\/div><\/div><div  class=\"empty-space  marg-lg-b50 marg-xs-b50\"><\/div>[vc_separator][\/vc_column][\/vc_row]<\/p><\/section>","protected":false},"excerpt":{"rendered":"<p>[vc_row full_width=&#8221;stretch_row_content_no_spaces&#8221; css=&#8221;.vc_custom_1580721748683{padding-top: 150px !important;padding-bottom: 150px !important;background-image: url(https:\/\/www.hotelzurpost-riesenbeck.de\/wp-content\/uploads\/header_wellness.jpg?id=15546) !important;background-position: center !important;background-repeat: no-repeat !important;background-size: cover !important;}&#8221;][vc_column][\/vc_column][\/vc_row][vc_row disable_element=&#8221;yes&#8221;][vc_column width=&#8221;1\/6&#8243;][\/vc_column][vc_column width=&#8221;2\/3&#8243;][\/vc_column][vc_column width=&#8221;1\/6&#8243;][\/vc_column][\/vc_row][vc_row][vc_column][vc_separator][\/vc_column][\/vc_row][vc_row][vc_column][vc_separator][\/vc_column][\/vc_row][vc_row][vc_column][vc_separator][\/vc_column][\/vc_row][vc_row][vc_column][vc_separator][\/vc_column][\/vc_row]<\/p>\n","protected":false},"author":2,"featured_media":16361,"parent":0,"menu_order":0,"comment_status":"closed","ping_status":"closed","template":"","meta":{"_acf_changed":false,"footnotes":""},"class_list":["post-16356","page","type-page","status-publish","has-post-thumbnail","hentry"],"acf":[],"_links":{"self":[{"href":"https:\/\/www.hotelzurpost-riesenbeck.de\/fr\/wp-json\/wp\/v2\/pages\/16356","targetHints":{"allow":["GET"]}}],"collection":[{"href":"https:\/\/www.hotelzurpost-riesenbeck.de\/fr\/wp-json\/wp\/v2\/pages"}],"about":[{"href":"https:\/\/www.hotelzurpost-riesenbeck.de\/fr\/wp-json\/wp\/v2\/types\/page"}],"author":[{"embeddable":true,"href":"https:\/\/www.hotelzurpost-riesenbeck.de\/fr\/wp-json\/wp\/v2\/users\/2"}],"replies":[{"embeddable":true,"href":"https:\/\/www.hotelzurpost-riesenbeck.de\/fr\/wp-json\/wp\/v2\/comments?post=16356"}],"version-history":[{"count":6,"href":"https:\/\/www.hotelzurpost-riesenbeck.de\/fr\/wp-json\/wp\/v2\/pages\/16356\/revisions"}],"predecessor-version":[{"id":17240,"href":"https:\/\/www.hotelzurpost-riesenbeck.de\/fr\/wp-json\/wp\/v2\/pages\/16356\/revisions\/17240"}],"wp:featuredmedia":[{"embeddable":true,"href":"https:\/\/www.hotelzurpost-riesenbeck.de\/fr\/wp-json\/wp\/v2\/media\/16361"}],"wp:attachment":[{"href":"https:\/\/www.hotelzurpost-riesenbeck.de\/fr\/wp-json\/wp\/v2\/media?parent=16356"}],"curies":[{"name":"wp","href":"https:\/\/api.w.org\/{rel}","templated":true}]}}